{"id":118,"date":"2012-02-19T17:11:29","date_gmt":"2012-02-19T16:11:29","guid":{"rendered":"http:\/\/skontorpshojden.se\/?page_id=118"},"modified":"2024-01-15T20:09:52","modified_gmt":"2024-01-15T19:09:52","slug":"varme-vatten","status":"publish","type":"page","link":"https:\/\/skontorpshojden.se\/?page_id=118","title":{"rendered":"Vatten, v\u00e4rme &#038; ventilation"},"content":{"rendered":"<p>Bostadsr\u00e4ttsf\u00f6reningen \u00e4r ansluten till fj\u00e4rrv\u00e4rmen\u00e4tet. I f\u00f6reningens central v\u00e4rms b\u00e5de tappvarmvattnet och vattnet till elementen. Fr\u00e5n centralen leds det uppv\u00e4rmda vattnet till varje hus\/l\u00e4genhet. Temperaturen p\u00e5 elementvattnet regleras av hur varmt det \u00e4r utomhus och systemet \u00e4r inst\u00e4llt p\u00e5 f\u00f6r att ge en temperatur p\u00e5 ca 21 grader. Varje element \u00e4r utrustad med en termostatventil, denna k\u00e4nner av rummets temperatur s\u00e5 det \u00e4r viktigt att den inte t\u00e4cks \u00f6ver. Via denna termostaten kan du ocks\u00e5 sj\u00e4lv reglera rumstemperaturen till viss del.<\/p>\n<p>Om elementen \u00e4r kalla fast termostatventilen \u00e4r \u00f6ppen och rummet \u00e4r kallt kan det bero p\u00e5 luft i radiatorsystemet. D\u00e5 kan elementen beh\u00f6va luftas. Detta kan du enkelt g\u00f6ra sj\u00e4lv (googla s\u00e5 finns det m\u00e5nga filmer som visar hur). Du kan \u00e4ven l\u00e5ta ADB lufta elementen, men du f\u00e5r st\u00e5 f\u00f6r kostnaden sj\u00e4lv.<\/p>\n<p><strong>Varmvattenf\u00f6rbrukning<\/strong><br \/>\nVarje l\u00e4genhet \u00e4r utrustad med en m\u00e4tare f\u00f6r att kunna m\u00e4ta f\u00f6rbrukningen av varmvatten som sen faktureras till l\u00e4genhetsinnehavaren. Varmvattnet faktureras kvartalsvis i efterskott och i samband med flytt l\u00f6ser den nya och gamla \u00e4garen vem som ska betala vad.<\/p>\n<p>Vill man sj\u00e4lv kontrollera sin f\u00f6rbrukning av varmvatten s\u00e5 g\u00e5r det att l\u00e4sa av m\u00e4taren sj\u00e4lv. M\u00e4taren sitter i de flesta l\u00e4genheterna i kl\u00e4dkammaren.<\/p>\n<p>Varmvattenf\u00f6rbrukning m\u00e4ts av ett f\u00f6retag som heter Minol. D\u00e5 och d\u00e5 kan det vara aktuellt med service p\u00e5 varmvattenm\u00e4taren. Om detta blir aktuellt kommer ber\u00f6rda l\u00e4genheter att aviseras av Minol. I det fall Minol inte f\u00e5r tilltr\u00e4de till l\u00e4genheten vid det tillf\u00e4lle som aviserats kommer en avgift att debiteras den boende. Ingen avgift tas ut i de fall de boende kontaktar Minol i god tid f\u00f6r att \u00e4ndra tid.<\/p>\n<p><strong>Ventilation<\/strong><br \/>\nHusen \u00e4r utrustade med ett mekaniskt fr\u00e5nluftssystem (FX-system). En fl\u00e4kt suger ut luften via badrum, toalett och k\u00f6k. Ny luft tas in genom luftintag bakom radiatorerna i sovrummen och i vardagdsrummet. P\u00e5 v\u00e4gen in v\u00e4rms luften upp av radiatorerna. F\u00f6r att inte f\u00f6rlora v\u00e4rme passerar luften som sugs ut ur l\u00e4genheten en v\u00e4rmev\u00e4xlare som tillsammans med en v\u00e4rmepump \u00e5tervinner v\u00e4rmen.<\/p>\n<p>Luftintagen och luftutsugen \u00e4r noggrant injusterade f\u00f6r att luftm\u00e4ngderna ska vara r\u00e4tt i l\u00e4genheterna. Det \u00e4r viktigt att inte \u00e4ndra dessa d\u00e5 det kan ge \u00f6kad uppv\u00e4rmningskostnad, problem med drag och i v\u00e4rsta fall fuktskador.<\/p>\n<p><em>Filter<\/em><br \/>\nLuftintagen i sovrummen och vardagsrummet \u00e4r utrustade med filter f\u00f6r att rena luften som kommer in. Detta filter \u00e4r av klass F7 (EU 7) och ska hindra pollen och f\u00f6roreningar. Detta filter b\u00f6r reng\u00f6ras med dammsugare regelbundet och bytas minst vartannat \u00e5r. Det \u00e4r l\u00e4genhetsinnehavarens ansvar att se till s\u00e5 att dessa filter inte \u00e4r igensatta och hindrar ventilationen. F\u00f6r mer information, se sk\u00f6tselanvisningar i l\u00e4genhetens sk\u00f6tselp\u00e4rm.<\/p>\n","protected":false},"excerpt":{"rendered":"<p>Bostadsr\u00e4ttsf\u00f6reningen \u00e4r ansluten till fj\u00e4rrv\u00e4rmen\u00e4tet. I f\u00f6reningens central v\u00e4rms b\u00e5de tappvarmvattnet och vattnet till elementen. Fr\u00e5n centralen leds det uppv\u00e4rmda vattnet till varje hus\/l\u00e4genhet. Temperaturen p\u00e5 elementvattnet regleras av hur varmt det \u00e4r utomhus och systemet \u00e4r inst\u00e4llt p\u00e5 f\u00f6r att ge en temperatur p\u00e5 ca 21 grader. Varje element \u00e4r utrustad med en termostatventil,&#8230;<\/p>\n","protected":false},"author":0,"featured_media":0,"parent":10,"menu_order":0,"comment_status":"closed","ping_status":"closed","template":"","meta":{"jetpack_post_was_ever_published":false,"footnotes":""},"class_list":["post-118","page","type-page","status-publish","hentry"],"jetpack_sharing_enabled":true,"_links":{"self":[{"href":"https:\/\/skontorpshojden.se\/index.php?rest_route=\/wp\/v2\/pages\/118","targetHints":{"allow":["GET"]}}],"collection":[{"href":"https:\/\/skontorpshojden.se\/index.php?rest_route=\/wp\/v2\/pages"}],"about":[{"href":"https:\/\/skontorpshojden.se\/index.php?rest_route=\/wp\/v2\/types\/page"}],"replies":[{"embeddable":true,"href":"https:\/\/skontorpshojden.se\/index.php?rest_route=%2Fwp%2Fv2%2Fcomments&post=118"}],"version-history":[{"count":3,"href":"https:\/\/skontorpshojden.se\/index.php?rest_route=\/wp\/v2\/pages\/118\/revisions"}],"predecessor-version":[{"id":2964,"href":"https:\/\/skontorpshojden.se\/index.php?rest_route=\/wp\/v2\/pages\/118\/revisions\/2964"}],"up":[{"embeddable":true,"href":"https:\/\/skontorpshojden.se\/index.php?rest_route=\/wp\/v2\/pages\/10"}],"wp:attachment":[{"href":"https:\/\/skontorpshojden.se\/index.php?rest_route=%2Fwp%2Fv2%2Fmedia&parent=118"}],"curies":[{"name":"wp","href":"https:\/\/api.w.org\/{rel}","templated":true}]}}