{"id":137,"date":"2012-03-13T10:20:26","date_gmt":"2012-03-13T09:20:26","guid":{"rendered":"http:\/\/skontorpshojden.se\/?page_id=137"},"modified":"2024-01-01T17:47:41","modified_gmt":"2024-01-01T16:47:41","slug":"andrahandsuthyrning","status":"publish","type":"page","link":"https:\/\/skontorpshojden.se\/?page_id=137","title":{"rendered":"Andrahandsuthyrning"},"content":{"rendered":"<p>En l\u00e4genhet f\u00e5r endast uppl\u00e5tas i andra hand <u>om styrelsen gett sitt samtycke<\/u>, detta framg\u00e5r av bostadsr\u00e4ttslagen.<\/p>\n<p>F\u00f6r att ans\u00f6ka om andrahandsuthyrning kan du g\u00f6ra p\u00e5 tv\u00e5 s\u00e4tt;<\/p>\n<p>&#8211; Ans\u00f6ka direkt via Nabos kundportal. Logga in i medlemsportalen och ans\u00f6k genom att fylla i uppgifterna digitalt och skicka in.<\/p>\n<p>&#8211; Ans\u00f6kan skriftligen p\u00e5 f\u00f6reningens blankett f\u00f6r andrahandsuthyrning. Ifylld blankett l\u00e4mnas i tv\u00e5 exemplar i f\u00f6reningens brevl\u00e5da p\u00e5 Sk\u00f6ntorpsv\u00e4gen 7 och behandlas av styrelsen p\u00e5 n\u00e4stkommande styrelsem\u00f6te.<\/p>\n<p><a href=\"http:\/\/skontorpshojden.se\/wp-content\/uploads\/2012\/03\/andrahandsuthyrning.pdf\">Klicka h\u00e4r f\u00f6r att ladda ner blanketten f\u00f6r andrahandsuthyrning<\/a>.<\/p>\n<p>Inkommen ans\u00f6kan behandlas av styrelsen p\u00e5 n\u00e4stkommande styrelsem\u00f6te.<\/p>\n<p>Vissa banker kan kr\u00e4va att de ger godk\u00e4nnande till andrahandsuthyrning ifall de l\u00e5nat ut pengar till l\u00e4genheten, kontakta din\/er bank f\u00f6r att f\u00e5 information om vad som g\u00e4ller i just ert fall.<\/p>\n<div id=\"autocurrencytooltip\" style=\"visibility:hidden;\">\n<\/div>\n<div id=\"autocurrencytooltip\" style=\"visibility:hidden;\">\n<\/div>\n<div id=\"autocurrencytooltip\" style=\"visibility:hidden;\"><\/div>\n<div id=\"autocurrencytooltip\" style=\"visibility:hidden;\"><\/div>\n","protected":false},"excerpt":{"rendered":"<p>En l\u00e4genhet f\u00e5r endast uppl\u00e5tas i andra hand om styrelsen gett sitt samtycke, detta framg\u00e5r av bostadsr\u00e4ttslagen. F\u00f6r att ans\u00f6ka om andrahandsuthyrning kan du g\u00f6ra p\u00e5 tv\u00e5 s\u00e4tt; &#8211; Ans\u00f6ka direkt via Nabos kundportal. Logga in i medlemsportalen och ans\u00f6k genom att fylla i uppgifterna digitalt och skicka in. &#8211; Ans\u00f6kan skriftligen p\u00e5 f\u00f6reningens blankett&#8230;<\/p>\n","protected":false},"author":0,"featured_media":0,"parent":10,"menu_order":0,"comment_status":"closed","ping_status":"closed","template":"","meta":{"jetpack_post_was_ever_published":false,"footnotes":""},"class_list":["post-137","page","type-page","status-publish","hentry"],"jetpack_sharing_enabled":true,"_links":{"self":[{"href":"https:\/\/skontorpshojden.se\/index.php?rest_route=\/wp\/v2\/pages\/137","targetHints":{"allow":["GET"]}}],"collection":[{"href":"https:\/\/skontorpshojden.se\/index.php?rest_route=\/wp\/v2\/pages"}],"about":[{"href":"https:\/\/skontorpshojden.se\/index.php?rest_route=\/wp\/v2\/types\/page"}],"replies":[{"embeddable":true,"href":"https:\/\/skontorpshojden.se\/index.php?rest_route=%2Fwp%2Fv2%2Fcomments&post=137"}],"version-history":[{"count":4,"href":"https:\/\/skontorpshojden.se\/index.php?rest_route=\/wp\/v2\/pages\/137\/revisions"}],"predecessor-version":[{"id":2898,"href":"https:\/\/skontorpshojden.se\/index.php?rest_route=\/wp\/v2\/pages\/137\/revisions\/2898"}],"up":[{"embeddable":true,"href":"https:\/\/skontorpshojden.se\/index.php?rest_route=\/wp\/v2\/pages\/10"}],"wp:attachment":[{"href":"https:\/\/skontorpshojden.se\/index.php?rest_route=%2Fwp%2Fv2%2Fmedia&parent=137"}],"curies":[{"name":"wp","href":"https:\/\/api.w.org\/{rel}","templated":true}]}}