{"id":1756,"date":"2021-08-26T08:41:50","date_gmt":"2021-08-26T06:41:50","guid":{"rendered":"https:\/\/skontorpshojden.se\/?page_id=1756"},"modified":"2026-03-02T08:14:27","modified_gmt":"2026-03-02T07:14:27","slug":"arsredovisningar-och-stammoprotokoll","status":"publish","type":"page","link":"https:\/\/skontorpshojden.se\/?page_id=1756","title":{"rendered":"\u00c5rsredovisningar och st\u00e4mmoprotokoll"},"content":{"rendered":"\n<h2 class=\"wp-block-heading\">\u00c5rsredovisningar<\/h2>\n\n\n\n<div data-wp-interactive=\"core\/file\" class=\"wp-block-file\"><object data-wp-bind--hidden=\"!state.hasPdfPreview\" hidden class=\"wp-block-file__embed\" data=\"https:\/\/skontorpshojden.se\/wp-content\/uploads\/2025\/10\/08a6d34e600d456db69d5c1edcaca03a.pdf\" type=\"application\/pdf\" style=\"width:100%;height:600px\" aria-label=\"Inb\u00e4ddning av Brf Sk\u00f6ntorpsh\u00f6jden, 769619-3403 - Signerad \u00e5rsredovisning 2024.\"><\/object><a id=\"wp-block-file--media-2239d593-066c-4a6c-88f6-097cbc567274\" href=\"https:\/\/skontorpshojden.se\/wp-content\/uploads\/2025\/10\/08a6d34e600d456db69d5c1edcaca03a.pdf\">Brf Sk\u00f6ntorpsh\u00f6jden, 769619-3403 &#8211; Signerad \u00e5rsredovisning 2024<\/a><a href=\"https:\/\/skontorpshojden.se\/wp-content\/uploads\/2025\/10\/08a6d34e600d456db69d5c1edcaca03a.pdf\" class=\"wp-block-file__button wp-element-button\" download aria-describedby=\"wp-block-file--media-2239d593-066c-4a6c-88f6-097cbc567274\">Ladda ner<\/a><\/div>\n\n\n\n<div data-wp-interactive=\"core\/file\" class=\"wp-block-file\"><object data-wp-bind--hidden=\"!state.hasPdfPreview\" hidden class=\"wp-block-file__embed\" data=\"https:\/\/skontorpshojden.se\/wp-content\/uploads\/2024\/06\/Brf-Skontorpshojden-769619-3403-Arsredovisning-2023-2.pdf\" type=\"application\/pdf\" style=\"width:100%;height:600px\" aria-label=\"Inb\u00e4ddning av Brf Sk\u00f6ntorpsh\u00f6jden, 769619-3403 - \u00c5rsredovisning 2023.\"><\/object><a id=\"wp-block-file--media-53647d3a-7969-4630-a436-690dc75179a9\" href=\"https:\/\/skontorpshojden.se\/wp-content\/uploads\/2024\/06\/Brf-Skontorpshojden-769619-3403-Arsredovisning-2023-2.pdf\">Brf Sk\u00f6ntorpsh\u00f6jden, 769619-3403 &#8211; \u00c5rsredovisning 2023<\/a><a href=\"https:\/\/skontorpshojden.se\/wp-content\/uploads\/2024\/06\/Brf-Skontorpshojden-769619-3403-Arsredovisning-2023-2.pdf\" class=\"wp-block-file__button wp-element-button\" download aria-describedby=\"wp-block-file--media-53647d3a-7969-4630-a436-690dc75179a9\">Ladda ner<\/a><\/div>\n\n\n\n<div class=\"wp-block-file\"><a id=\"wp-block-file--media-66cb2358-76aa-487b-a343-f002b99914f4\" href=\"https:\/\/skontorpshojden.se\/wp-content\/uploads\/2023\/05\/Brf-Skontorpshojden-769619-3403-undertecknad-arsredovisning-2022.pdf\">\u00c5rsredovisning 2022<\/a><a href=\"https:\/\/skontorpshojden.se\/wp-content\/uploads\/2023\/05\/Brf-Skontorpshojden-769619-3403-undertecknad-arsredovisning-2022.pdf\" class=\"wp-block-file__button wp-element-button\" download aria-describedby=\"wp-block-file--media-66cb2358-76aa-487b-a343-f002b99914f4\">Ladda ner<\/a><\/div>\n\n\n\n<div class=\"wp-block-file\"><a id=\"wp-block-file--media-18cbd908-33a0-412d-a507-7ef72da9bb3a\" href=\"https:\/\/skontorpshojden.se\/wp-content\/uploads\/2022\/06\/Arsredovisning-2021-Brf-Skontorpshojden-769619-3403-_2-.pdf\">\u00c5rsredovisning 2021 <\/a><a href=\"https:\/\/skontorpshojden.se\/wp-content\/uploads\/2022\/06\/Arsredovisning-2021-Brf-Skontorpshojden-769619-3403-_2-.pdf\" class=\"wp-block-file__button wp-element-button\" download aria-describedby=\"wp-block-file--media-18cbd908-33a0-412d-a507-7ef72da9bb3a\">Ladda ner<\/a><\/div>\n\n\n\n<div class=\"wp-block-file\"><a id=\"wp-block-file--media-baa801a9-412a-4394-bfa0-240e2b6de687\" href=\"https:\/\/skontorpshojden.se\/wp-content\/uploads\/2021\/08\/Brf-Sko\u0308ntorpsho\u0308jden-RA\u030a-2020-2.pdf\">A\u030arsredovisning 2020<\/a><a href=\"https:\/\/skontorpshojden.se\/wp-content\/uploads\/2021\/08\/Brf-Sko\u0308ntorpsho\u0308jden-RA\u030a-2020-2.pdf\" class=\"wp-block-file__button wp-element-button\" download aria-describedby=\"wp-block-file--media-baa801a9-412a-4394-bfa0-240e2b6de687\">Ladda ner<\/a><\/div>\n\n\n\n<div class=\"wp-block-file\"><a id=\"wp-block-file--media-f0361718-df42-46b3-827e-9a99283588af\" href=\"https:\/\/skontorpshojden.se\/wp-content\/uploads\/2021\/08\/Brf-Skontorpshojden-Arsredovisning-2019.pdf\">\u00c5rsredovisning 2019<\/a><a href=\"https:\/\/skontorpshojden.se\/wp-content\/uploads\/2021\/08\/Brf-Skontorpshojden-Arsredovisning-2019.pdf\" class=\"wp-block-file__button wp-element-button\" download aria-describedby=\"wp-block-file--media-f0361718-df42-46b3-827e-9a99283588af\">Ladda ner<\/a><\/div>\n\n\n\n<div class=\"wp-block-file\"><a id=\"wp-block-file--media-e6bc4403-a72b-4981-9354-916a7827b385\" href=\"https:\/\/skontorpshojden.se\/wp-content\/uploads\/2021\/08\/Arsredovisning-2018.pdf\">\u00c5rsredovisning 2018<\/a><a href=\"https:\/\/skontorpshojden.se\/wp-content\/uploads\/2021\/08\/Arsredovisning-2018.pdf\" class=\"wp-block-file__button wp-element-button\" download aria-describedby=\"wp-block-file--media-e6bc4403-a72b-4981-9354-916a7827b385\">Ladda ner<\/a><\/div>\n\n\n\n<div class=\"wp-block-file\"><a id=\"wp-block-file--media-b4313317-fa4c-4e3c-b9f4-9d701be04fc7\" href=\"https:\/\/skontorpshojden.se\/wp-content\/uploads\/2021\/08\/Arsredovisning-2017.pdf\">\u00c5rsredovisning 2017<\/a><a href=\"https:\/\/skontorpshojden.se\/wp-content\/uploads\/2021\/08\/Arsredovisning-2017.pdf\" class=\"wp-block-file__button wp-element-button\" download aria-describedby=\"wp-block-file--media-b4313317-fa4c-4e3c-b9f4-9d701be04fc7\">Ladda ner<\/a><\/div>\n\n\n\n<div class=\"wp-block-file\"><a id=\"wp-block-file--media-5d4b8720-d83c-4f5f-8d7d-10e1dba4a248\" href=\"https:\/\/skontorpshojden.se\/wp-content\/uploads\/2017\/05\/\u00c5rsredovisning-2016.pdf\">\u00c5rsredovisning 2016<\/a><a href=\"https:\/\/skontorpshojden.se\/wp-content\/uploads\/2017\/05\/\u00c5rsredovisning-2016.pdf\" class=\"wp-block-file__button wp-element-button\" download aria-describedby=\"wp-block-file--media-5d4b8720-d83c-4f5f-8d7d-10e1dba4a248\">Ladda ner<\/a><\/div>\n\n\n\n<div class=\"wp-block-file\"><a id=\"wp-block-file--media-ff41f4a4-00c7-43f6-8855-46e8f90bb371\" href=\"https:\/\/skontorpshojden.se\/wp-content\/uploads\/2012\/02\/Arsredovisning2015.pdf\">\u00c5rsredovisning 2015<\/a><a href=\"https:\/\/skontorpshojden.se\/wp-content\/uploads\/2012\/02\/Arsredovisning2015.pdf\" class=\"wp-block-file__button wp-element-button\" download aria-describedby=\"wp-block-file--media-ff41f4a4-00c7-43f6-8855-46e8f90bb371\">Ladda ner<\/a><\/div>\n\n\n\n<div class=\"wp-block-file\"><a id=\"wp-block-file--media-5f7f225d-72df-43a1-bb81-f83c4bfd4629\" href=\"https:\/\/skontorpshojden.se\/wp-content\/uploads\/2015\/05\/Arsredovisning2014.pdf\">\u00c5rsredovisning 2014<\/a><a href=\"https:\/\/skontorpshojden.se\/wp-content\/uploads\/2015\/05\/Arsredovisning2014.pdf\" class=\"wp-block-file__button wp-element-button\" download aria-describedby=\"wp-block-file--media-5f7f225d-72df-43a1-bb81-f83c4bfd4629\">Ladda ner<\/a><\/div>\n\n\n\n<div class=\"wp-block-file\"><a id=\"wp-block-file--media-486eb68e-d844-4d05-b14b-9857be28bc65\" href=\"https:\/\/skontorpshojden.se\/wp-content\/uploads\/2012\/02\/Arsredovisning2013.pdf\">\u00c5rsredovisning 2013<\/a><a href=\"https:\/\/skontorpshojden.se\/wp-content\/uploads\/2012\/02\/Arsredovisning2013.pdf\" class=\"wp-block-file__button wp-element-button\" download aria-describedby=\"wp-block-file--media-486eb68e-d844-4d05-b14b-9857be28bc65\">Ladda ner<\/a><\/div>\n\n\n\n<div class=\"wp-block-file\"><a id=\"wp-block-file--media-60ea63bd-31bc-41f2-a42d-740935d6c9df\" href=\"https:\/\/skontorpshojden.se\/wp-content\/uploads\/2013\/05\/Arsredovisning2012.pdf\">\u00c5rsredovisning 2012<\/a><a href=\"https:\/\/skontorpshojden.se\/wp-content\/uploads\/2013\/05\/Arsredovisning2012.pdf\" class=\"wp-block-file__button wp-element-button\" download aria-describedby=\"wp-block-file--media-60ea63bd-31bc-41f2-a42d-740935d6c9df\">Ladda ner<\/a><\/div>\n\n\n\n<div class=\"wp-block-file\"><a id=\"wp-block-file--media-874c37ef-88ea-4bba-8028-b077faafa11c\" href=\"https:\/\/skontorpshojden.se\/wp-content\/uploads\/2012\/02\/Arsredovisning-2011.pdf\">Arsredovisning-2011<\/a><a href=\"https:\/\/skontorpshojden.se\/wp-content\/uploads\/2012\/02\/Arsredovisning-2011.pdf\" class=\"wp-block-file__button wp-element-button\" download aria-describedby=\"wp-block-file--media-874c37ef-88ea-4bba-8028-b077faafa11c\">Ladda ner<\/a><\/div>\n\n\n\n<hr class=\"wp-block-separator has-alpha-channel-opacity\"\/>\n\n\n\n<h2 class=\"wp-block-heading\"><strong>St\u00e4mmoprotokoll<\/strong><\/h2>\n\n\n\n<div data-wp-interactive=\"core\/file\" class=\"wp-block-file\"><object data-wp-bind--hidden=\"!state.hasPdfPreview\" hidden class=\"wp-block-file__embed\" data=\"https:\/\/skontorpshojden.se\/wp-content\/uploads\/2026\/03\/Protokoll-extraforeningsstamma-20260219-1.pdf\" type=\"application\/pdf\" style=\"width:100%;height:600px\" aria-label=\"Inb\u00e4ddning av Protokoll extraf\u00f6reningsst\u00e4mma 20260219.\"><\/object><a id=\"wp-block-file--media-edd57974-071d-44ab-9140-f3463d2bf2ad\" href=\"https:\/\/skontorpshojden.se\/wp-content\/uploads\/2026\/03\/Protokoll-extraforeningsstamma-20260219-1.pdf\">Protokoll extraf\u00f6reningsst\u00e4mma 20260219<\/a><a href=\"https:\/\/skontorpshojden.se\/wp-content\/uploads\/2026\/03\/Protokoll-extraforeningsstamma-20260219-1.pdf\" class=\"wp-block-file__button wp-element-button\" download aria-describedby=\"wp-block-file--media-edd57974-071d-44ab-9140-f3463d2bf2ad\">Ladda ner<\/a><\/div>\n\n\n\n<div class=\"wp-block-file\"><a href=\"https:\/\/skontorpshojden.se\/wp-content\/uploads\/2025\/07\/wp-1751893737229.pdf\">Protokoll F\u00f6reningsst\u00e4mma 2025<\/a><a href=\"https:\/\/skontorpshojden.se\/wp-content\/uploads\/2025\/07\/wp-1751893737229.pdf\" class=\"wp-block-file__button wp-element-button\" download>Download<\/a><\/div>\n\n\n\n<div class=\"wp-block-file\"><a href=\"https:\/\/skontorpshojden.se\/wp-content\/uploads\/2024\/06\/wp-1719380793590.pdf\">Protokoll F\u00f6reningsst\u00e4mma 2024<\/a><a href=\"https:\/\/skontorpshojden.se\/wp-content\/uploads\/2024\/06\/wp-1719380793590.pdf\" class=\"wp-block-file__button wp-element-button\" download>Download<\/a><\/div>\n\n\n\n<div class=\"wp-block-file\"><a href=\"https:\/\/skontorpshojden.se\/wp-content\/uploads\/2023\/08\/Protokoll-Arsstamma-2023.pdf\">Protokoll F\u00f6reningsst\u00e4mma 2023<\/a><a href=\"https:\/\/skontorpshojden.se\/wp-content\/uploads\/2023\/08\/Protokoll-Arsstamma-2023.pdf\" class=\"wp-block-file__button wp-element-button\" download>Ladda ner<\/a><\/div>\n\n\n\n<div class=\"wp-block-file\"><a id=\"wp-block-file--media-5841b775-0cbf-48de-9bca-478c7ab2569f\" href=\"https:\/\/skontorpshojden.se\/wp-content\/uploads\/2022\/06\/2022_06_02_15_13_13.pdf\">Protokoll F\u00f6reningsst\u00e4mma 2022<\/a><a href=\"https:\/\/skontorpshojden.se\/wp-content\/uploads\/2022\/06\/2022_06_02_15_13_13.pdf\" class=\"wp-block-file__button wp-element-button\" download aria-describedby=\"wp-block-file--media-5841b775-0cbf-48de-9bca-478c7ab2569f\">Ladda ner<\/a><\/div>\n\n\n\n<div class=\"wp-block-file\"><a id=\"wp-block-file--media-5a2eb905-ff72-4f1c-bcf3-39acec02305b\" href=\"https:\/\/skontorpshojden.se\/wp-content\/uploads\/2021\/06\/Protokoll-Fo\u0308reningssta\u0308mma-2021.pdf\">Protokoll fo\u0308reningssta\u0308mma 2021<\/a><a href=\"https:\/\/skontorpshojden.se\/wp-content\/uploads\/2021\/06\/Protokoll-Fo\u0308reningssta\u0308mma-2021.pdf\" class=\"wp-block-file__button wp-element-button\" download aria-describedby=\"wp-block-file--media-5a2eb905-ff72-4f1c-bcf3-39acec02305b\">Ladda ner<\/a><\/div>\n\n\n\n<div class=\"wp-block-file\"><a id=\"wp-block-file--media-4c65e9d8-f36d-4aa6-8120-1ddbfe25af79\" href=\"https:\/\/skontorpshojden.se\/wp-content\/uploads\/2020\/12\/Brf-Skontorpshojden-Protokoll-Fo\u0308reningssta\u0308mma-2020.pdf\">Protokoll fo\u0308reningssta\u0308mma 2020<\/a><a href=\"https:\/\/skontorpshojden.se\/wp-content\/uploads\/2020\/12\/Brf-Skontorpshojden-Protokoll-Fo\u0308reningssta\u0308mma-2020.pdf\" class=\"wp-block-file__button wp-element-button\" download aria-describedby=\"wp-block-file--media-4c65e9d8-f36d-4aa6-8120-1ddbfe25af79\">Ladda ner<\/a><\/div>\n\n\n\n<div class=\"wp-block-file\"><a id=\"wp-block-file--media-37bc29a4-2900-4d52-8824-3e2692215dc9\" href=\"https:\/\/skontorpshojden.se\/wp-content\/uploads\/2019\/07\/Protokoll-fo\u0308reningssta\u0308mma-2019.pdf\">Protokoll fo\u0308reningssta\u0308mma 2019<\/a><a href=\"https:\/\/skontorpshojden.se\/wp-content\/uploads\/2019\/07\/Protokoll-fo\u0308reningssta\u0308mma-2019.pdf\" class=\"wp-block-file__button wp-element-button\" download aria-describedby=\"wp-block-file--media-37bc29a4-2900-4d52-8824-3e2692215dc9\">Ladda ner<\/a><\/div>\n\n\n\n<div class=\"wp-block-file\"><a id=\"wp-block-file--media-146cde65-8439-4d44-82e4-3cf0d008cb57\" href=\"https:\/\/skontorpshojden.se\/wp-content\/uploads\/2018\/11\/Protokoll-\u00e5rsst\u00e4mma-2018.pdf\">Protokoll f\u00f6reningsst\u00e4mma 2018<\/a><a href=\"https:\/\/skontorpshojden.se\/wp-content\/uploads\/2018\/11\/Protokoll-\u00e5rsst\u00e4mma-2018.pdf\" class=\"wp-block-file__button wp-element-button\" download aria-describedby=\"wp-block-file--media-146cde65-8439-4d44-82e4-3cf0d008cb57\">Ladda ner<\/a><\/div>\n\n\n\n<div class=\"wp-block-file\"><a id=\"wp-block-file--media-0f74d80d-f77b-4b53-8d40-1f1e4ed44bd5\" href=\"https:\/\/skontorpshojden.se\/wp-content\/uploads\/2018\/12\/Protokoll-sta\u0308mma-2017.pdf\">Protokoll f\u00f6reningssta\u0308mma 2017<\/a><a href=\"https:\/\/skontorpshojden.se\/wp-content\/uploads\/2018\/12\/Protokoll-sta\u0308mma-2017.pdf\" class=\"wp-block-file__button wp-element-button\" download aria-describedby=\"wp-block-file--media-0f74d80d-f77b-4b53-8d40-1f1e4ed44bd5\">Ladda ner<\/a><\/div>\n\n\n\n<div class=\"wp-block-file\"><a id=\"wp-block-file--media-6185ff73-8228-4bee-b0a4-a3de64d0193d\" href=\"https:\/\/skontorpshojden.se\/wp-content\/uploads\/2018\/12\/Protokoll-sta\u0308mma-2016.pdf\">Protokoll f\u00f6reningssta\u0308mma 2016<\/a><a href=\"https:\/\/skontorpshojden.se\/wp-content\/uploads\/2018\/12\/Protokoll-sta\u0308mma-2016.pdf\" class=\"wp-block-file__button wp-element-button\" download aria-describedby=\"wp-block-file--media-6185ff73-8228-4bee-b0a4-a3de64d0193d\">Ladda ner<\/a><\/div>\n\n\n\n<div class=\"wp-block-file\"><a id=\"wp-block-file--media-daa5e652-f981-4460-a294-ac137ae705fc\" href=\"https:\/\/skontorpshojden.se\/wp-content\/uploads\/2015\/06\/Protokoll-foreningsstamma-2015.pdf\">Protokoll f\u00f6reningsst\u00e4mma 2015<\/a><a href=\"https:\/\/skontorpshojden.se\/wp-content\/uploads\/2015\/06\/Protokoll-foreningsstamma-2015.pdf\" class=\"wp-block-file__button wp-element-button\" download aria-describedby=\"wp-block-file--media-daa5e652-f981-4460-a294-ac137ae705fc\">Ladda ner<\/a><\/div>\n\n\n\n<div class=\"wp-block-file\"><a id=\"wp-block-file--media-fa956aea-857c-4b4c-ae76-123810c7dc3a\" href=\"https:\/\/skontorpshojden.se\/wp-content\/uploads\/2014\/05\/Protokoll-f\u00f6reningsst\u00e4mma-2014.pdf\">Protokoll f\u00f6reningsst\u00e4mma 2014<\/a><a href=\"https:\/\/skontorpshojden.se\/wp-content\/uploads\/2014\/05\/Protokoll-f\u00f6reningsst\u00e4mma-2014.pdf\" class=\"wp-block-file__button wp-element-button\" download aria-describedby=\"wp-block-file--media-fa956aea-857c-4b4c-ae76-123810c7dc3a\">Ladda ner<\/a><\/div>\n\n\n\n<div class=\"wp-block-file\"><a id=\"wp-block-file--media-f4584e89-828d-4224-92f1-d633b542b1cc\" href=\"https:\/\/skontorpshojden.se\/wp-content\/uploads\/2012\/02\/Foreningsstamma-2013.pdf\">Protokoll f\u00f6reningsst\u00e4mma 2013<\/a><a href=\"https:\/\/skontorpshojden.se\/wp-content\/uploads\/2012\/02\/Foreningsstamma-2013.pdf\" class=\"wp-block-file__button wp-element-button\" download aria-describedby=\"wp-block-file--media-f4584e89-828d-4224-92f1-d633b542b1cc\">Ladda ner<\/a><\/div>\n\n\n\n<div class=\"wp-block-file\"><a id=\"wp-block-file--media-de7e82b0-ef00-483d-a9e9-9f3c1d95515b\" href=\"https:\/\/skontorpshojden.se\/wp-content\/uploads\/2012\/02\/Foreningsstamma-2012.pdf\">Protokoll f\u00f6reningsst\u00e4mma 2012<\/a><a href=\"https:\/\/skontorpshojden.se\/wp-content\/uploads\/2012\/02\/Foreningsstamma-2012.pdf\" class=\"wp-block-file__button wp-element-button\" download aria-describedby=\"wp-block-file--media-de7e82b0-ef00-483d-a9e9-9f3c1d95515b\">Ladda ner<\/a><\/div>\n\n\n\n\n\n\n\n\n\n\n","protected":false},"excerpt":{"rendered":"<p>\u00c5rsredovisningar St\u00e4mmoprotokoll<\/p>\n","protected":false},"author":59,"featured_media":0,"parent":0,"menu_order":2,"comment_status":"closed","ping_status":"closed","template":"","meta":{"jetpack_post_was_ever_published":false,"footnotes":""},"class_list":["post-1756","page","type-page","status-publish","hentry"],"jetpack_sharing_enabled":true,"_links":{"self":[{"href":"https:\/\/skontorpshojden.se\/index.php?rest_route=\/wp\/v2\/pages\/1756","targetHints":{"allow":["GET"]}}],"collection":[{"href":"https:\/\/skontorpshojden.se\/index.php?rest_route=\/wp\/v2\/pages"}],"about":[{"href":"https:\/\/skontorpshojden.se\/index.php?rest_route=\/wp\/v2\/types\/page"}],"author":[{"embeddable":true,"href":"https:\/\/skontorpshojden.se\/index.php?rest_route=\/wp\/v2\/users\/59"}],"replies":[{"embeddable":true,"href":"https:\/\/skontorpshojden.se\/index.php?rest_route=%2Fwp%2Fv2%2Fcomments&post=1756"}],"version-history":[{"count":25,"href":"https:\/\/skontorpshojden.se\/index.php?rest_route=\/wp\/v2\/pages\/1756\/revisions"}],"predecessor-version":[{"id":3935,"href":"https:\/\/skontorpshojden.se\/index.php?rest_route=\/wp\/v2\/pages\/1756\/revisions\/3935"}],"wp:attachment":[{"href":"https:\/\/skontorpshojden.se\/index.php?rest_route=%2Fwp%2Fv2%2Fmedia&parent=1756"}],"curies":[{"name":"wp","href":"https:\/\/api.w.org\/{rel}","templated":true}]}}