{"id":2151,"date":"2022-08-06T22:43:52","date_gmt":"2022-08-06T20:43:52","guid":{"rendered":"https:\/\/skontorpshojden.se\/?page_id=2151"},"modified":"2024-08-07T14:50:03","modified_gmt":"2024-08-07T12:50:03","slug":"avfallshantering","status":"publish","type":"page","link":"https:\/\/skontorpshojden.se\/?page_id=2151","title":{"rendered":"Avfallshantering"},"content":{"rendered":"\n<p>Tidningar\/papper, kartonger, plastf\u00f6rpackningar, glasf\u00f6rpackningar, metallf\u00f6rpackningar, lampor\/lysr\u00f6r samt batterier sl\u00e4ngs i avsedda k\u00e4rl i milj\u00f6rummet p\u00e5 Sk\u00f6ntorpsv\u00e4gen 5. Sk\u00f6lj ur f\u00f6rpackningarna och komprimera dem s\u00e5 mycket det g\u00e5r.<\/p>\n\n\n\n<p>I milj\u00f6rummet sl\u00e4ngs <strong>endast<\/strong> det som det finns avsedda k\u00e4rl f\u00f6r. <\/p>\n\n\n\n<p>Hush\u00e5llssopor (restavfall och matavfall) sl\u00e4ngs i sopnedkasten p\u00e5 g\u00e5rden.<\/p>\n\n\n\n<h2 class=\"wp-block-heading\">Matavfall<\/h2>\n\n\n\n<p>P\u00e5sar till matavfall finns att h\u00e4mta i milj\u00f6rummet i femman. T\u00e4nk p\u00e5 att bara ta en bunt \u00e5t g\u00e5ngen d\u00e5 p\u00e5sarna ska r\u00e4cka till alla i f\u00f6reningen.<\/p>\n\n\n\n<p>P\u00e5sar till matavfall finns ofta \u00e4ven att h\u00e4mta i st\u00f6rre matbutiker, s\u00e5som Hemk\u00f6p Gullmarsplan och ICA Kvantum. <\/p>\n\n\n\n<h2 class=\"wp-block-heading\">Avfallsbeh\u00e5llare<\/h2>\n\n\n\n<p>Alla avfallsbeh\u00e5llare t\u00f6ms regelbundet men undvik att \u00f6verfylla sopk\u00e4rlen d\u00e5 sophanterarna inte t\u00f6mmer \u00f6verfyllda k\u00e4rl. Det \u00e4r viktigt att avfallet l\u00e4ggs i r\u00e4tt beh\u00e5llare d\u00e5 sophanterarna inte t\u00f6mmer k\u00e4rl med felsorterat avfall. <\/p>\n\n\n\n<p>B\u00e5da dessa h\u00e4ndelser inneb\u00e4r att vi beh\u00f6ver best\u00e4lla extra t\u00f6mningar, vilket medf\u00f6r en kostnad f\u00f6r f\u00f6reningen. En kostnad som till syvende och sist p\u00e5verkar oss medlemmar. <\/p>\n\n\n\n<p>Grovsopor f\u00e5r&nbsp;<strong>inte<\/strong>&nbsp;st\u00e4llas i soprummet eller i andra gemensamma utrymmen utan ska l\u00e4mnas p\u00e5 plats anvisad av kommunen. Grovsopor inkluderar allt som det inte finns ett specifikt k\u00e4rl f\u00f6r, t.ex. kl\u00e4der, alla sorters m\u00f6bler och leksaker men \u00e4ven glas och metallf\u00f6rem\u00e5l som inte \u00e4r f\u00f6rpackningar.<\/p>\n\n\n\n<p>V\u00e4nligen respektera att milj\u00f6rummet <strong>inte ska anv\u00e4ndas efter kl 21<\/strong>, d\u00e5 det ligger l\u00e4genheter v\u00e4gg i v\u00e4gg med milj\u00f6rummet.<\/p>\n","protected":false},"excerpt":{"rendered":"<p>Tidningar\/papper, kartonger, plastf\u00f6rpackningar, glasf\u00f6rpackningar, metallf\u00f6rpackningar, lampor\/lysr\u00f6r samt batterier sl\u00e4ngs i avsedda k\u00e4rl i milj\u00f6rummet p\u00e5 Sk\u00f6ntorpsv\u00e4gen 5. Sk\u00f6lj ur f\u00f6rpackningarna och komprimera dem s\u00e5 mycket det g\u00e5r. I milj\u00f6rummet sl\u00e4ngs endast det som det finns avsedda k\u00e4rl f\u00f6r. Hush\u00e5llssopor (restavfall och matavfall) sl\u00e4ngs i sopnedkasten p\u00e5 g\u00e5rden. Matavfall P\u00e5sar till matavfall finns att h\u00e4mta i&#8230;<\/p>\n","protected":false},"author":0,"featured_media":0,"parent":0,"menu_order":1,"comment_status":"closed","ping_status":"closed","template":"","meta":{"jetpack_post_was_ever_published":false,"footnotes":""},"class_list":["post-2151","page","type-page","status-publish","hentry"],"jetpack_sharing_enabled":true,"_links":{"self":[{"href":"https:\/\/skontorpshojden.se\/index.php?rest_route=\/wp\/v2\/pages\/2151","targetHints":{"allow":["GET"]}}],"collection":[{"href":"https:\/\/skontorpshojden.se\/index.php?rest_route=\/wp\/v2\/pages"}],"about":[{"href":"https:\/\/skontorpshojden.se\/index.php?rest_route=\/wp\/v2\/types\/page"}],"replies":[{"embeddable":true,"href":"https:\/\/skontorpshojden.se\/index.php?rest_route=%2Fwp%2Fv2%2Fcomments&post=2151"}],"version-history":[{"count":10,"href":"https:\/\/skontorpshojden.se\/index.php?rest_route=\/wp\/v2\/pages\/2151\/revisions"}],"predecessor-version":[{"id":3361,"href":"https:\/\/skontorpshojden.se\/index.php?rest_route=\/wp\/v2\/pages\/2151\/revisions\/3361"}],"wp:attachment":[{"href":"https:\/\/skontorpshojden.se\/index.php?rest_route=%2Fwp%2Fv2%2Fmedia&parent=2151"}],"curies":[{"name":"wp","href":"https:\/\/api.w.org\/{rel}","templated":true}]}}