{"id":2158,"date":"2022-08-06T21:52:58","date_gmt":"2022-08-06T20:52:58","guid":{"rendered":"https:\/\/skontorpshojden.se\/?page_id=2158"},"modified":"2024-01-15T20:03:19","modified_gmt":"2024-01-15T19:03:19","slug":"lagenhetsregister","status":"publish","type":"page","link":"https:\/\/skontorpshojden.se\/?page_id=2158","title":{"rendered":"L\u00e4genhetsregister"},"content":{"rendered":"\n<p>Beh\u00f6ver du ett utdrag ur l\u00e4genhetsregistret? Nabo AB sk\u00f6ter f\u00f6reningens l\u00e4genhetsregister, beh\u00f6ver du ett utdrag till banken eller liknande ska ni d\u00e4rf\u00f6r kontakta Nabos kundtj\u00e4nst direkt.<\/p>\n\n\n\n<p>Genom att logga in med bank-id i Nabos kundportal kan du skapa ett \u00e4rende d\u00e4r du efterfr\u00e5gar ett utdrag ur l\u00e4genhetsregistret. <a href=\"https:\/\/portal.nabo.se\/kundportal\/login\">Nabo kundportal.<\/a> <\/p>\n","protected":false},"excerpt":{"rendered":"<p>Beh\u00f6ver du ett utdrag ur l\u00e4genhetsregistret? Nabo AB sk\u00f6ter f\u00f6reningens l\u00e4genhetsregister, beh\u00f6ver du ett utdrag till banken eller liknande ska ni d\u00e4rf\u00f6r kontakta Nabos kundtj\u00e4nst direkt. Genom att logga in med bank-id i Nabos kundportal kan du skapa ett \u00e4rende d\u00e4r du efterfr\u00e5gar ett utdrag ur l\u00e4genhetsregistret. Nabo kundportal.<\/p>\n","protected":false},"author":0,"featured_media":0,"parent":10,"menu_order":1,"comment_status":"closed","ping_status":"closed","template":"","meta":{"jetpack_post_was_ever_published":false,"footnotes":""},"class_list":["post-2158","page","type-page","status-publish","hentry"],"jetpack_sharing_enabled":true,"_links":{"self":[{"href":"https:\/\/skontorpshojden.se\/index.php?rest_route=\/wp\/v2\/pages\/2158","targetHints":{"allow":["GET"]}}],"collection":[{"href":"https:\/\/skontorpshojden.se\/index.php?rest_route=\/wp\/v2\/pages"}],"about":[{"href":"https:\/\/skontorpshojden.se\/index.php?rest_route=\/wp\/v2\/types\/page"}],"replies":[{"embeddable":true,"href":"https:\/\/skontorpshojden.se\/index.php?rest_route=%2Fwp%2Fv2%2Fcomments&post=2158"}],"version-history":[{"count":3,"href":"https:\/\/skontorpshojden.se\/index.php?rest_route=\/wp\/v2\/pages\/2158\/revisions"}],"predecessor-version":[{"id":2960,"href":"https:\/\/skontorpshojden.se\/index.php?rest_route=\/wp\/v2\/pages\/2158\/revisions\/2960"}],"up":[{"embeddable":true,"href":"https:\/\/skontorpshojden.se\/index.php?rest_route=\/wp\/v2\/pages\/10"}],"wp:attachment":[{"href":"https:\/\/skontorpshojden.se\/index.php?rest_route=%2Fwp%2Fv2%2Fmedia&parent=2158"}],"curies":[{"name":"wp","href":"https:\/\/api.w.org\/{rel}","templated":true}]}}