{"id":283,"date":"2012-07-03T21:10:43","date_gmt":"2012-07-03T20:10:43","guid":{"rendered":"http:\/\/skontorpshojden.se\/?page_id=283"},"modified":"2024-01-11T19:18:37","modified_gmt":"2024-01-11T18:18:37","slug":"information-till-maklare","status":"publish","type":"page","link":"https:\/\/skontorpshojden.se\/?page_id=283","title":{"rendered":"M\u00e4klarinformation"},"content":{"rendered":"<p>I samband med f\u00f6rs\u00e4ljning\/\u00f6verl\u00e5telse h\u00e4nvisar styrelsen f\u00f6rst och fr\u00e4mst till s\u00e4ljaren, stadgarna, tidigare \u00e5rsredovisningar samt information h\u00e4r p\u00e5 hemsidan. F\u00f6r fr\u00e5gor som inte inte kan besvaras av s\u00e4ljaren eller tillg\u00e4ngliga dokument g\u00e5r det bra att kontakta styrelsen under <a title=\"Kontakt\" href=\"http:\/\/skontorpshojden.se\/?page_id=8\">Kontakt<\/a>. Vi ber om f\u00f6rst\u00e5else f\u00f6r att vi g\u00f6r styrelsearbetet p\u00e5 v\u00e5r fritid, att vi inte alltid har m\u00f6jlighet att svara under kontorstid och att svaret ibland kan dr\u00f6ja n\u00e5gra dagar.<br \/>\n<span style=\"text-decoration:underline;\">F\u00f6r alla fr\u00e5gor ang\u00e5ende pants\u00e4ttning och m\u00e4klarbilder h\u00e4nvisar vi alltid till kundtj\u00e4nst hos v\u00e5r ekonomiska f\u00f6rvaltare, Nabo (https:\/\/nabo.se)<\/span><\/p>\n<p>I samband med \u00f6verl\u00e5telse vill f\u00f6reningen ha ett exemplar av k\u00f6pekontrakt (kopia av original) samt ett exemplar av ans\u00f6kan om medlemskap, <span style=\"text-decoration:underline;\">detta g\u00e4ller ut\u00f6ver de papperna som m\u00e4klare\/s\u00e4ljare \u00f6nskar i retur<\/span>. Om handlingar \u00f6nskas i retur, kan du skicka handlingarna postalt. Skicka d\u00e5 med ett f\u00f6rfrankerat och adresserat kuvert.<\/p>\n<p><strong>Digital ans\u00f6kan om medlemskap och k\u00f6pekontrakt<\/strong><\/p>\n<p>Du som m\u00e4klare kan anv\u00e4nda v\u00e5r ekonomiska f\u00f6rvaltare <a href=\"https:\/\/nabo.se\/\">Nabo<\/a> m\u00e4klarservice f\u00f6r att skicka in handlingarna digitalt.<\/p>\n<p><strong>Postal ans\u00f6kan om medlemskap och k\u00f6pekontrakt:<\/strong><br \/>\nBrf Sk\u00f6ntorpsh\u00f6jden<br \/>\nF\u00f6reningens brevl\u00e5da<br \/>\nSk\u00f6ntorpsv\u00e4gen 7<br \/>\n120 38 \u00c5rsta<\/p>\n<p>Efter f\u00f6reningen mottagit \u00f6verl\u00e5telsepapperna tas en kreditupplysning p\u00e5 k\u00f6parna. F\u00f6r att p\u00e5skynda processen kan m\u00e4klare i samband med f\u00f6rs\u00e4ljning bifoga egen kreditupplysning p\u00e5 k\u00f6paren. Vid l\u00e5g inkomst rekommenderas det \u00e4ven att bifoga intyg \u00f6ver arbete. Medlemsans\u00f6kan behandlas normalt inom en m\u00e5nad.<\/p>\n<p>Vi ber m\u00e4klaren upplysa k\u00f6pare att varmvattenf\u00f6rbrukningen faktureras kvartalsvis i efterskott och i samband med flytt f\u00e5r s\u00e4ljare och k\u00f6pare komma \u00f6verens vem som ska betala vad.<\/p>\n<hr>\n<div id=\"autocurrencytooltip\" style=\"visibility:hidden;\"><\/div>\n<div id=\"autocurrencytooltip\" style=\"visibility:hidden;\"><\/div>\n<div id=\"autocurrencytooltip\" style=\"visibility:hidden;\"><\/div>\n<div id=\"autocurrencytooltip\" style=\"visibility:hidden;\"><\/div>\n<div id=\"autocurrencytooltip\" style=\"visibility:hidden;\"><\/div>\n","protected":false},"excerpt":{"rendered":"<p>I samband med f\u00f6rs\u00e4ljning\/\u00f6verl\u00e5telse h\u00e4nvisar styrelsen f\u00f6rst och fr\u00e4mst till s\u00e4ljaren, stadgarna, tidigare \u00e5rsredovisningar samt information h\u00e4r p\u00e5 hemsidan. F\u00f6r fr\u00e5gor som inte inte kan besvaras av s\u00e4ljaren eller tillg\u00e4ngliga dokument g\u00e5r det bra att kontakta styrelsen under Kontakt. Vi ber om f\u00f6rst\u00e5else f\u00f6r att vi g\u00f6r styrelsearbetet p\u00e5 v\u00e5r fritid, att vi inte alltid&#8230;<\/p>\n","protected":false},"author":0,"featured_media":0,"parent":0,"menu_order":1,"comment_status":"closed","ping_status":"closed","template":"","meta":{"jetpack_post_was_ever_published":false,"footnotes":""},"class_list":["post-283","page","type-page","status-publish","hentry"],"jetpack_sharing_enabled":true,"_links":{"self":[{"href":"https:\/\/skontorpshojden.se\/index.php?rest_route=\/wp\/v2\/pages\/283","targetHints":{"allow":["GET"]}}],"collection":[{"href":"https:\/\/skontorpshojden.se\/index.php?rest_route=\/wp\/v2\/pages"}],"about":[{"href":"https:\/\/skontorpshojden.se\/index.php?rest_route=\/wp\/v2\/types\/page"}],"replies":[{"embeddable":true,"href":"https:\/\/skontorpshojden.se\/index.php?rest_route=%2Fwp%2Fv2%2Fcomments&post=283"}],"version-history":[{"count":3,"href":"https:\/\/skontorpshojden.se\/index.php?rest_route=\/wp\/v2\/pages\/283\/revisions"}],"predecessor-version":[{"id":2927,"href":"https:\/\/skontorpshojden.se\/index.php?rest_route=\/wp\/v2\/pages\/283\/revisions\/2927"}],"wp:attachment":[{"href":"https:\/\/skontorpshojden.se\/index.php?rest_route=%2Fwp%2Fv2%2Fmedia&parent=283"}],"curies":[{"name":"wp","href":"https:\/\/api.w.org\/{rel}","templated":true}]}}