{"id":2928,"date":"2024-01-11T18:17:30","date_gmt":"2024-01-11T17:17:30","guid":{"rendered":"https:\/\/skontorpshojden.se\/?page_id=2928"},"modified":"2026-03-26T15:11:08","modified_gmt":"2026-03-26T14:11:08","slug":"vanliga-fragor","status":"publish","type":"page","link":"https:\/\/skontorpshojden.se\/?page_id=2928","title":{"rendered":"Vanliga fr\u00e5gor"},"content":{"rendered":"\n<hr class=\"wp-block-separator has-alpha-channel-opacity\"\/>\n\n\n\n<p><em>Sidan uppdateras av styrelsen s\u00e5 fort en f\u00f6r\u00e4ndring beslutas. Det som skrivs nedan \u00e4r s\u00e5ledes korrekt.<\/em><\/p>\n\n\n\n<hr class=\"wp-block-separator has-alpha-channel-opacity\"\/>\n\n\n\n<h2 class=\"wp-block-heading\">Vad ing\u00e5r i avgiften?<\/h2>\n\n\n\n<p><br>I avgiften ing\u00e5r v\u00e4rme, bredband, kabel-TV, och vatten. Bredband som ing\u00e5r i avgift avser 300\/300 Mbit\/s. Vattnet som ing\u00e5r avser kallvatten. <\/p>\n\n\n\n<p>Varje l\u00e4genhet \u00e4r utrustad med en m\u00e4tare som m\u00e4ter f\u00f6rbrukningen av varmvatten som sen faktureras som ett p\u00e5l\u00e4gg p\u00e5 avgiften till l\u00e4genhetsinnehavaren. Varmvattnet faktureras kvartalsvis i efterskott, v\u00e4nligen informera s\u00e4ljare och k\u00f6pare om det.<\/p>\n\n\n\n<h2 class=\"wp-block-heading\">Har ni n\u00e5gra planerade avgiftsh\u00f6jningar?<\/h2>\n\n\n\n<p>Nej. Vi h\u00f6jde avgiften vid ing\u00e5ngen av 2024, och har i nul\u00e4get inga planerade avgiftsh\u00f6jningar. <\/p>\n\n\n\n<h2 class=\"wp-block-heading\">Hur l\u00e4nge g\u00e4ller tomtr\u00e4ttsavg\u00e4lden?<\/h2>\n\n\n\n<p>Nuvarande tomtr\u00e4ttsavg\u00e4ld g\u00e4ller till 2029.<\/p>\n\n\n\n<h2 class=\"wp-block-heading\">Har ni n\u00e5gra planerade renoveringar?<\/h2>\n\n\n\n<p>Nej.<\/p>\n","protected":false},"excerpt":{"rendered":"<p>Sidan uppdateras av styrelsen s\u00e5 fort en f\u00f6r\u00e4ndring beslutas. Det som skrivs nedan \u00e4r s\u00e5ledes korrekt. Vad ing\u00e5r i avgiften? I avgiften ing\u00e5r v\u00e4rme, bredband, kabel-TV, och vatten. Bredband som ing\u00e5r i avgift avser 300\/300 Mbit\/s. Vattnet som ing\u00e5r avser kallvatten. Varje l\u00e4genhet \u00e4r utrustad med en m\u00e4tare som m\u00e4ter f\u00f6rbrukningen av varmvatten som sen&#8230;<\/p>\n","protected":false},"author":104,"featured_media":0,"parent":283,"menu_order":1,"comment_status":"closed","ping_status":"closed","template":"","meta":{"jetpack_post_was_ever_published":false,"footnotes":""},"class_list":["post-2928","page","type-page","status-publish","hentry"],"jetpack_sharing_enabled":true,"_links":{"self":[{"href":"https:\/\/skontorpshojden.se\/index.php?rest_route=\/wp\/v2\/pages\/2928","targetHints":{"allow":["GET"]}}],"collection":[{"href":"https:\/\/skontorpshojden.se\/index.php?rest_route=\/wp\/v2\/pages"}],"about":[{"href":"https:\/\/skontorpshojden.se\/index.php?rest_route=\/wp\/v2\/types\/page"}],"author":[{"embeddable":true,"href":"https:\/\/skontorpshojden.se\/index.php?rest_route=\/wp\/v2\/users\/104"}],"replies":[{"embeddable":true,"href":"https:\/\/skontorpshojden.se\/index.php?rest_route=%2Fwp%2Fv2%2Fcomments&post=2928"}],"version-history":[{"count":10,"href":"https:\/\/skontorpshojden.se\/index.php?rest_route=\/wp\/v2\/pages\/2928\/revisions"}],"predecessor-version":[{"id":3953,"href":"https:\/\/skontorpshojden.se\/index.php?rest_route=\/wp\/v2\/pages\/2928\/revisions\/3953"}],"up":[{"embeddable":true,"href":"https:\/\/skontorpshojden.se\/index.php?rest_route=\/wp\/v2\/pages\/283"}],"wp:attachment":[{"href":"https:\/\/skontorpshojden.se\/index.php?rest_route=%2Fwp%2Fv2%2Fmedia&parent=2928"}],"curies":[{"name":"wp","href":"https:\/\/api.w.org\/{rel}","templated":true}]}}