{"id":3150,"date":"2024-04-09T16:36:19","date_gmt":"2024-04-09T14:36:19","guid":{"rendered":"https:\/\/skontorpshojden.se\/?page_id=3150"},"modified":"2024-05-05T18:59:38","modified_gmt":"2024-05-05T16:59:38","slug":"hamtning-av-avfall-och-atervinning","status":"publish","type":"page","link":"https:\/\/skontorpshojden.se\/?page_id=3150","title":{"rendered":"H\u00e4mtning av avfall och \u00e5tervinning"},"content":{"rendered":"\n<p>H\u00e4r kan du l\u00e4sa n\u00e4r och hur ofta olika sorters avfall och \u00e5tervinning t\u00f6ms. Avvikelser kan f\u00f6rekomma i samband med helgdagar.<\/p>\n\n\n\n<figure class=\"wp-block-image size-large\"><img data-recalc-dims=\"1\" loading=\"lazy\" decoding=\"async\" width=\"640\" height=\"480\" src=\"https:\/\/i0.wp.com\/skontorpshojden.se\/wp-content\/uploads\/2024\/04\/pexels-photo-2409022-1.jpeg?resize=640%2C480&#038;ssl=1\" alt=\"\" class=\"wp-image-3175\" srcset=\"https:\/\/i0.wp.com\/skontorpshojden.se\/wp-content\/uploads\/2024\/04\/pexels-photo-2409022-1.jpeg?resize=1024%2C768&amp;ssl=1 1024w, https:\/\/i0.wp.com\/skontorpshojden.se\/wp-content\/uploads\/2024\/04\/pexels-photo-2409022-1.jpeg?resize=300%2C225&amp;ssl=1 300w, https:\/\/i0.wp.com\/skontorpshojden.se\/wp-content\/uploads\/2024\/04\/pexels-photo-2409022-1.jpeg?resize=768%2C576&amp;ssl=1 768w, https:\/\/i0.wp.com\/skontorpshojden.se\/wp-content\/uploads\/2024\/04\/pexels-photo-2409022-1.jpeg?resize=1536%2C1152&amp;ssl=1 1536w, https:\/\/i0.wp.com\/skontorpshojden.se\/wp-content\/uploads\/2024\/04\/pexels-photo-2409022-1.jpeg?resize=850%2C638&amp;ssl=1 850w, https:\/\/i0.wp.com\/skontorpshojden.se\/wp-content\/uploads\/2024\/04\/pexels-photo-2409022-1.jpeg?w=1733&amp;ssl=1 1733w, https:\/\/i0.wp.com\/skontorpshojden.se\/wp-content\/uploads\/2024\/04\/pexels-photo-2409022-1.jpeg?w=1280&amp;ssl=1 1280w\" sizes=\"auto, (max-width: 640px) 100vw, 640px\" \/><\/figure>\n\n\n\n<h2 class=\"wp-block-heading\">Matavfall<\/h2>\n\n\n\n<p>Dag: tisdag <\/p>\n\n\n\n<p>Hur ofta: varannan vecka<\/p>\n\n\n\n<hr class=\"wp-block-separator has-alpha-channel-opacity\"\/>\n\n\n\n<h2 class=\"wp-block-heading\">Hush\u00e5llsavfall<\/h2>\n\n\n\n<p>Dag: tisdag<\/p>\n\n\n\n<p>Hur ofta: varannan vecka <\/p>\n\n\n\n<hr class=\"wp-block-separator has-alpha-channel-opacity\"\/>\n\n\n\n<h2 class=\"wp-block-heading\">Pappersf\u00f6rpackningar (kartong)<\/h2>\n\n\n\n<p>Dag: torsdag<\/p>\n\n\n\n<p>Hur ofta: varje vecka<\/p>\n\n\n\n<hr class=\"wp-block-separator has-alpha-channel-opacity\"\/>\n\n\n\n<h2 class=\"wp-block-heading\">Plastf\u00f6rpackningar <\/h2>\n\n\n\n<p>Dag: onsdag<\/p>\n\n\n\n<p>Hur ofta: varje vecka<\/p>\n\n\n\n<hr class=\"wp-block-separator has-alpha-channel-opacity\"\/>\n\n\n\n<h2 class=\"wp-block-heading\">Glas<\/h2>\n\n\n\n<p>Dag: onsdag<\/p>\n\n\n\n<p>Hur ofta: varannan vecka<\/p>\n\n\n\n<hr class=\"wp-block-separator has-alpha-channel-opacity\"\/>\n\n\n\n<h2 class=\"wp-block-heading\">Metall<\/h2>\n\n\n\n<p>Dag: onsdag<\/p>\n\n\n\n<p>Hur ofta: varannan vecka<\/p>\n\n\n\n<hr class=\"wp-block-separator has-alpha-channel-opacity\"\/>\n\n\n\n<h2 class=\"wp-block-heading\">Papper\/tidningar<\/h2>\n\n\n\n<p>Dag: m\u00e5ndag<\/p>\n\n\n\n<p>Hur ofta: varje vecka<\/p>\n\n\n\n<hr class=\"wp-block-separator has-alpha-channel-opacity\"\/>\n\n\n\n<h2 class=\"wp-block-heading\">Elinsamling<\/h2>\n\n\n\n<p>H\u00e4mtas p\u00e5 styrelsens best\u00e4llning.<\/p>\n\n\n\n<pre class=\"wp-block-preformatted\">Om det \u00e4r fullt d\u00e4r du vill sl\u00e4nga skr\u00e4p, ta hem det igen eller g\u00e5 till Sk\u00f6ntorpsv\u00e4gen 18 d\u00e4r \u00e5tervinningsstation finns. <br \/>Soph\u00e4mtarna t\u00f6mmer INTE \u00f6verfyllda k\u00e4rl, s\u00e5 om k\u00e4rl \u00f6verfylls f\u00f6rv\u00e4rras bara situationen. D\u00e4rut\u00f6ver beh\u00f6ver f\u00f6reningen d\u00e5 best\u00e4lla s\u00e4rskild t\u00f6mning vilket kostar pengar vilket f\u00e5r en direkt p\u00e5verkan p\u00e5 f\u00f6reningens ekonomi, vilket kan f\u00e5 en p\u00e5verkan p\u00e5 avgiften. <\/pre>\n","protected":false},"excerpt":{"rendered":"<p>H\u00e4r kan du l\u00e4sa n\u00e4r och hur ofta olika sorters avfall och \u00e5tervinning t\u00f6ms. Avvikelser kan f\u00f6rekomma i samband med helgdagar. Matavfall Dag: tisdag Hur ofta: varannan vecka Hush\u00e5llsavfall Dag: tisdag Hur ofta: varannan vecka Pappersf\u00f6rpackningar (kartong) Dag: torsdag Hur ofta: varje vecka Plastf\u00f6rpackningar Dag: onsdag Hur ofta: varje vecka Glas Dag: onsdag Hur ofta:&#8230;<\/p>\n","protected":false},"author":0,"featured_media":0,"parent":2151,"menu_order":1,"comment_status":"closed","ping_status":"closed","template":"","meta":{"jetpack_post_was_ever_published":false,"footnotes":""},"class_list":["post-3150","page","type-page","status-publish","hentry"],"jetpack_sharing_enabled":true,"_links":{"self":[{"href":"https:\/\/skontorpshojden.se\/index.php?rest_route=\/wp\/v2\/pages\/3150","targetHints":{"allow":["GET"]}}],"collection":[{"href":"https:\/\/skontorpshojden.se\/index.php?rest_route=\/wp\/v2\/pages"}],"about":[{"href":"https:\/\/skontorpshojden.se\/index.php?rest_route=\/wp\/v2\/types\/page"}],"replies":[{"embeddable":true,"href":"https:\/\/skontorpshojden.se\/index.php?rest_route=%2Fwp%2Fv2%2Fcomments&post=3150"}],"version-history":[{"count":14,"href":"https:\/\/skontorpshojden.se\/index.php?rest_route=\/wp\/v2\/pages\/3150\/revisions"}],"predecessor-version":[{"id":3229,"href":"https:\/\/skontorpshojden.se\/index.php?rest_route=\/wp\/v2\/pages\/3150\/revisions\/3229"}],"up":[{"embeddable":true,"href":"https:\/\/skontorpshojden.se\/index.php?rest_route=\/wp\/v2\/pages\/2151"}],"wp:attachment":[{"href":"https:\/\/skontorpshojden.se\/index.php?rest_route=%2Fwp%2Fv2%2Fmedia&parent=3150"}],"curies":[{"name":"wp","href":"https:\/\/api.w.org\/{rel}","templated":true}]}}