{"id":33,"date":"2012-02-11T11:36:36","date_gmt":"2012-02-11T10:36:36","guid":{"rendered":"http:\/\/skontorpshojden.se\/?page_id=33"},"modified":"2024-01-11T19:01:18","modified_gmt":"2024-01-11T18:01:18","slug":"styrelsen","status":"publish","type":"page","link":"https:\/\/skontorpshojden.se\/?page_id=33","title":{"rendered":"Styrelsen"},"content":{"rendered":"<p>Styrelsen best\u00e5r av fyra ordinarie ledam\u00f6ter och en suppleant fr\u00e5n de boende. Styrelsen har anlitat Nabo f\u00f6r ekonomisk f\u00f6rvaltning. F\u00f6r den tekniska f\u00f6rvaltningen finns ett avtal med ADB Fastighetsservice.<\/p>\n<p>Styrelsen har m\u00f6te ungef\u00e4r var fj\u00e4rde vecka och tr\u00e4ffas d\u00e5 i det styrelserum som finns p\u00e5 plan -1 p\u00e5 Sk\u00f6ntorpsv\u00e4gen 7. I samband med detta finns det m\u00f6jlighet att tr\u00e4ffa styrelsen och st\u00e4lla fr\u00e5gor.<\/p>\n<p>F\u00f6r att komma i kontakt med styrelsen g\u00e5r det ocks\u00e5 bra att anv\u00e4nda <a href=\"http:\/\/skontorpshojden.se\/?page_id=8\">kontaktformul\u00e4ret<\/a>, skicka ett mail till info@skontorpshojden.se eller l\u00e4mna ett meddelande i f\u00f6reningens brevl\u00e5da p\u00e5 Sk\u00f6ntorpsv\u00e4gen 7.<\/p>\n<div id=\"autocurrencytooltip\" style=\"visibility:hidden;\">\n<\/div>\n<div id=\"autocurrencytooltip\" style=\"visibility:hidden;\">\n<\/div>\n<div id=\"autocurrencytooltip\" style=\"visibility:hidden;\"><\/div>\n","protected":false},"excerpt":{"rendered":"<p>Styrelsen best\u00e5r av fyra ordinarie ledam\u00f6ter och en suppleant fr\u00e5n de boende. Styrelsen har anlitat Nabo f\u00f6r ekonomisk f\u00f6rvaltning. F\u00f6r den tekniska f\u00f6rvaltningen finns ett avtal med ADB Fastighetsservice. Styrelsen har m\u00f6te ungef\u00e4r var fj\u00e4rde vecka och tr\u00e4ffas d\u00e5 i det styrelserum som finns p\u00e5 plan -1 p\u00e5 Sk\u00f6ntorpsv\u00e4gen 7. I samband med detta finns&#8230;<\/p>\n","protected":false},"author":0,"featured_media":0,"parent":0,"menu_order":4,"comment_status":"closed","ping_status":"closed","template":"","meta":{"jetpack_post_was_ever_published":false,"footnotes":""},"class_list":["post-33","page","type-page","status-publish","hentry"],"jetpack_sharing_enabled":true,"_links":{"self":[{"href":"https:\/\/skontorpshojden.se\/index.php?rest_route=\/wp\/v2\/pages\/33","targetHints":{"allow":["GET"]}}],"collection":[{"href":"https:\/\/skontorpshojden.se\/index.php?rest_route=\/wp\/v2\/pages"}],"about":[{"href":"https:\/\/skontorpshojden.se\/index.php?rest_route=\/wp\/v2\/types\/page"}],"replies":[{"embeddable":true,"href":"https:\/\/skontorpshojden.se\/index.php?rest_route=%2Fwp%2Fv2%2Fcomments&post=33"}],"version-history":[{"count":8,"href":"https:\/\/skontorpshojden.se\/index.php?rest_route=\/wp\/v2\/pages\/33\/revisions"}],"predecessor-version":[{"id":2935,"href":"https:\/\/skontorpshojden.se\/index.php?rest_route=\/wp\/v2\/pages\/33\/revisions\/2935"}],"wp:attachment":[{"href":"https:\/\/skontorpshojden.se\/index.php?rest_route=%2Fwp%2Fv2%2Fmedia&parent=33"}],"curies":[{"name":"wp","href":"https:\/\/api.w.org\/{rel}","templated":true}]}}