{"id":3385,"date":"2024-09-02T21:39:09","date_gmt":"2024-09-02T19:39:09","guid":{"rendered":"https:\/\/skontorpshojden.se\/?page_id=3385"},"modified":"2024-09-02T21:39:10","modified_gmt":"2024-09-02T19:39:10","slug":"aterkommande-rutiner-for-dig-som-boende","status":"publish","type":"page","link":"https:\/\/skontorpshojden.se\/?page_id=3385","title":{"rendered":"\u00c5terkommande rutiner f\u00f6r dig som boende"},"content":{"rendered":"\n<p>H\u00e4r samlar vi ett par \u00e5terkommande rutiner som du som boende b\u00f6r k\u00e4nna till och utf\u00f6ra.<\/p>\n\n\n\n<h2 class=\"wp-block-heading\">Byte av ventilationsfilter<\/h2>\n\n\n\n<p>Luftintagen i l\u00e4genheterna \u00e4r f\u00f6rsedda med filter. Filtren ska h\u00e5llas rena och ska bytas ut en g\u00e5ng per \u00e5r. Styrelsen tillhandah\u00e5ller filtren och n\u00e4r det \u00e4r dags att byta till nya filter meddelas om det p\u00e5 hemsidan. <\/p>\n\n\n\n<p><a href=\"https:\/\/skontorpshojden.se\/?page_id=118\" target=\"_blank\" rel=\"noreferrer noopener\">L\u00e4s mer om ventilation i fastigheten h\u00e4r<\/a>.<\/p>\n\n\n\n<hr class=\"wp-block-separator has-alpha-channel-opacity\"\/>\n\n\n\n<h2 class=\"wp-block-heading\">Reng\u00f6r dr\u00e4neringsh\u00e5l i kylsk\u00e5pet <\/h2>\n\n\n\n<p>Ta f\u00f6r vana med j\u00e4mna mellanrum reng\u00f6ra dr\u00e4ningsh\u00e5let och suga ut vatten fr\u00e5n det k\u00e4rl i kylsk\u00e5pet d\u00e4r kondensvatten samlas.<br><br>Ett tecken p\u00e5 att det \u00e4r dags kan vara att det rinner vatten n\u00e4r du \u00f6ppnar d\u00f6rren till ditt kylsk\u00e5p. Det tyder p\u00e5 att h\u00e5let f\u00f6r kondensvatten i kylsk\u00e5pets bakstycke \u00e4r tillt\u00e4ppt, eller att hyllorna sitter fel.<br><br><strong>Varf\u00f6r \u00e4r det viktigt?<\/strong><br><br>Om vattenk\u00e4rlet \u00f6verfylls rinner vattnet ut p\u00e5 golvet vid kylsk\u00e5pet, vilket kan orsaka stora skador i l\u00e4genheten.<br><br><strong>F\u00f6rs\u00e4kringen?<\/strong><br><br>Det \u00e4r inte alla f\u00f6rs\u00e4kringsbolag som ers\u00e4tter f\u00f6r en s\u00e5dan skada. Det finns allts\u00e5 en risk att du sj\u00e4lv f\u00e5r st\u00e5 f\u00f6r hela kostnaden om din l\u00e4genhet skulle skadas.<br><br><strong>Hur g\u00f6r man?<\/strong><br><br>Klurigt att veta hur man g\u00f6r? <a href=\"https:\/\/www.electrolux.se\/support\/support-articles\/kyl-och-frys\/kombinerad-kyl-och-frys\/kylskapet-lacker-vatten-2\/\" target=\"_blank\" rel=\"noreferrer noopener\">H\u00e4r finns en artikel och film att titta p\u00e5<\/a>.<br>Det g\u00e5r \u00e4ven att k\u00f6pa avloppsreningskit p\u00e5 t.ex. Fyndiq och Biltema f\u00f6r under 200:-<\/p>\n\n\n\n<hr class=\"wp-block-separator has-alpha-channel-opacity\"\/>\n","protected":false},"excerpt":{"rendered":"<p>H\u00e4r samlar vi ett par \u00e5terkommande rutiner som du som boende b\u00f6r k\u00e4nna till och utf\u00f6ra. Byte av ventilationsfilter Luftintagen i l\u00e4genheterna \u00e4r f\u00f6rsedda med filter. Filtren ska h\u00e5llas rena och ska bytas ut en g\u00e5ng per \u00e5r. Styrelsen tillhandah\u00e5ller filtren och n\u00e4r det \u00e4r dags att byta till nya filter meddelas om det p\u00e5&#8230;<\/p>\n","protected":false},"author":0,"featured_media":0,"parent":10,"menu_order":0,"comment_status":"closed","ping_status":"closed","template":"","meta":{"jetpack_post_was_ever_published":false,"footnotes":""},"class_list":["post-3385","page","type-page","status-publish","hentry"],"jetpack_sharing_enabled":true,"_links":{"self":[{"href":"https:\/\/skontorpshojden.se\/index.php?rest_route=\/wp\/v2\/pages\/3385","targetHints":{"allow":["GET"]}}],"collection":[{"href":"https:\/\/skontorpshojden.se\/index.php?rest_route=\/wp\/v2\/pages"}],"about":[{"href":"https:\/\/skontorpshojden.se\/index.php?rest_route=\/wp\/v2\/types\/page"}],"replies":[{"embeddable":true,"href":"https:\/\/skontorpshojden.se\/index.php?rest_route=%2Fwp%2Fv2%2Fcomments&post=3385"}],"version-history":[{"count":2,"href":"https:\/\/skontorpshojden.se\/index.php?rest_route=\/wp\/v2\/pages\/3385\/revisions"}],"predecessor-version":[{"id":3387,"href":"https:\/\/skontorpshojden.se\/index.php?rest_route=\/wp\/v2\/pages\/3385\/revisions\/3387"}],"up":[{"embeddable":true,"href":"https:\/\/skontorpshojden.se\/index.php?rest_route=\/wp\/v2\/pages\/10"}],"wp:attachment":[{"href":"https:\/\/skontorpshojden.se\/index.php?rest_route=%2Fwp%2Fv2%2Fmedia&parent=3385"}],"curies":[{"name":"wp","href":"https:\/\/api.w.org\/{rel}","templated":true}]}}