{"id":340,"date":"2012-09-10T16:45:39","date_gmt":"2012-09-10T15:45:39","guid":{"rendered":"http:\/\/skontorpshojden.se\/?page_id=340"},"modified":"2025-11-05T12:57:07","modified_gmt":"2025-11-05T11:57:07","slug":"port-las-nycklar","status":"publish","type":"page","link":"https:\/\/skontorpshojden.se\/?page_id=340","title":{"rendered":"Port, l\u00e5s och nycklar"},"content":{"rendered":"\n<h3 class=\"wp-block-heading\">Nycklar<\/h3>\n\n\n\n<p>Det \u00e4r m\u00f6jligt att skaffa extra nycklar till l\u00e4genhetsd\u00f6rren med styrelsens tillst\u00e5nd. Kontakta Certego (tidigare Swesafe) (V\u00e4stberga All\u00e9 5, 126 30 H\u00e4gersten) f\u00f6r att best\u00e4lla nycklarna, exempelvis via mail eller telefon. Certego kommer d\u00e5 kontakta styrelsen f\u00f6r ett godk\u00e4nnande, d\u00e4refter tillverkas din nyckel.<\/p>\n\n\n\n<p>Information om ansvar avseende l\u00e4genhetsd\u00f6rrar, portar etc. framg\u00e5r av f\u00f6reningens stadgar, vilka finns \u00e5tkomliga via topmenyn p\u00e5 hemsidan.<\/p>\n\n\n\n<h3 class=\"wp-block-heading\">Taggar<\/h3>\n\n\n\n<p>Inpasseringstaggar \u00e4r en v\u00e4rdehandling p\u00e5 samma s\u00e4tt som en vanlig nyckel. Taggar utges med en tagg per boende i f\u00f6reningen. Undantag kan ges efter styrelsebeslut.<\/p>\n\n\n\n<p>Har du tappat eller f\u00f6rlorat en tagg? Meddela styrelsen omg\u00e5ende s\u00e5 att vi kan sp\u00e4rra taggen f\u00f6r anv\u00e4ndning (s\u00e5 att obeh\u00f6riga inte kan komma in i fastigheten).<\/p>\n\n\n\n<h3 class=\"wp-block-heading\">Porttelefon<\/h3>\n\n\n\n<p>Du \u00f6ppnar porttelefonen genom att svara p\u00e5 samtalet, och efter att du verifierat att den som ringer ska f\u00e5 komma in, trycker du p\u00e5 knapp 5 p\u00e5 din telefon.<\/p>\n\n\n\n<p>Beh\u00f6ver du uppdatera uppgifterna som finns i porttelefonen? Kontakta styrelsen via mail.<\/p>\n\n\n<p>&nbsp;<\/p>\n<h3>Portar<\/h3>\n<p>Du kommer alltid in med l\u00e4genhetsnyckel i portarna.<\/p>\n<p>Kl. 07:00 &#8211; 22:00 inpassering med nyckel, tagg, eller via porttelefon<\/p>\n<p>Kl. 22:01 &#8211; 06:59 inpassering med nyckel.<\/p>\n<p>&nbsp;<\/p>\n<p>&nbsp;<\/p>\n<div id=\"autocurrencytooltip\" style=\"visibility: hidden;\">\u00a0<\/div>","protected":false},"excerpt":{"rendered":"<p>Nycklar Det \u00e4r m\u00f6jligt att skaffa extra nycklar till l\u00e4genhetsd\u00f6rren med styrelsens tillst\u00e5nd. Kontakta Certego (tidigare Swesafe) (V\u00e4stberga All\u00e9 5, 126 30 H\u00e4gersten) f\u00f6r att best\u00e4lla nycklarna, exempelvis via mail eller telefon. Certego kommer d\u00e5 kontakta styrelsen f\u00f6r ett godk\u00e4nnande, d\u00e4refter tillverkas din nyckel. Information om ansvar avseende l\u00e4genhetsd\u00f6rrar, portar etc. framg\u00e5r av f\u00f6reningens stadgar,&#8230;<\/p>\n","protected":false},"author":59,"featured_media":0,"parent":10,"menu_order":0,"comment_status":"open","ping_status":"closed","template":"","meta":{"jetpack_post_was_ever_published":false,"footnotes":""},"class_list":["post-340","page","type-page","status-publish","hentry"],"jetpack_sharing_enabled":true,"_links":{"self":[{"href":"https:\/\/skontorpshojden.se\/index.php?rest_route=\/wp\/v2\/pages\/340","targetHints":{"allow":["GET"]}}],"collection":[{"href":"https:\/\/skontorpshojden.se\/index.php?rest_route=\/wp\/v2\/pages"}],"about":[{"href":"https:\/\/skontorpshojden.se\/index.php?rest_route=\/wp\/v2\/types\/page"}],"author":[{"embeddable":true,"href":"https:\/\/skontorpshojden.se\/index.php?rest_route=\/wp\/v2\/users\/59"}],"replies":[{"embeddable":true,"href":"https:\/\/skontorpshojden.se\/index.php?rest_route=%2Fwp%2Fv2%2Fcomments&post=340"}],"version-history":[{"count":11,"href":"https:\/\/skontorpshojden.se\/index.php?rest_route=\/wp\/v2\/pages\/340\/revisions"}],"predecessor-version":[{"id":3842,"href":"https:\/\/skontorpshojden.se\/index.php?rest_route=\/wp\/v2\/pages\/340\/revisions\/3842"}],"up":[{"embeddable":true,"href":"https:\/\/skontorpshojden.se\/index.php?rest_route=\/wp\/v2\/pages\/10"}],"wp:attachment":[{"href":"https:\/\/skontorpshojden.se\/index.php?rest_route=%2Fwp%2Fv2%2Fmedia&parent=340"}],"curies":[{"name":"wp","href":"https:\/\/api.w.org\/{rel}","templated":true}]}}