{"id":380,"date":"2012-10-31T20:02:04","date_gmt":"2012-10-31T19:02:04","guid":{"rendered":"http:\/\/skontorpshojden.se\/?page_id=380"},"modified":"2026-03-24T09:15:49","modified_gmt":"2026-03-24T08:15:49","slug":"overnattningsrum","status":"publish","type":"page","link":"https:\/\/skontorpshojden.se\/?page_id=380","title":{"rendered":"\u00d6vernattningsrum"},"content":{"rendered":"\n<p>F\u00f6reningen har ett bokningsbart \u00f6vernattningsrum som medlemmarna I f\u00f6reningen kan hyra f\u00f6r g\u00e4ster p\u00e5 bes\u00f6k. \u00d6vernattningsrummet finns i 7:an p\u00e5 plan -1. Rummet har plats f\u00f6r max fyra personer och har egen toalett, dusch och ett enkelt pentry. <\/p>\n\n\n\n<p>F\u00f6ljande g\u00e4ller f\u00f6r uthyrning:<\/p>\n\n\n\n<ul class=\"wp-block-list\">\n<li>Endast g\u00e4ster till f\u00f6reningens medlemmar f\u00e5r anv\u00e4nda rummet.&nbsp;<\/li>\n\n\n\n<li>Rummet f\u00e5r bokas max sju dagar i rad.<\/li>\n\n\n\n<li>G\u00e4ster har tillg\u00e5ng till rummet fr\u00e5n kl. 13.00 p\u00e5 tilltr\u00e4desdagen och m\u00e5ste p\u00e5 fr\u00e5ntr\u00e4desdagen l\u00e4mna rummet senast kl. 13.00.<\/li>\n\n\n\n<li>Vid check-out ska rummet vara st\u00e4dat och klart f\u00f6r n\u00e4sta g\u00e4st.&nbsp;<\/li>\n\n\n\n<li>Porslin, enklare husger\u00e5d, kaffebryggare, kyl och vattenkokare finns i pentryt.&nbsp;<\/li>\n\n\n\n<li>V\u00e4rden (den som har g\u00e4ster) \u00e4r ansvarig f\u00f6r sina g\u00e4ster; f\u00f6r h\u00e4mtning och l\u00e4mning av nyckel, st\u00e4dning samt \u00e5terst\u00e4llande av m\u00f6bler enligt plan. V\u00e4rden st\u00e5r ocks\u00e5 f\u00f6r t\u00e4cke, kudde, s\u00e4ngkl\u00e4der, handdukar &amp; alla \u00f6vriga f\u00f6rbrukningsvaror (kaffe &amp; te etc.).<\/li>\n\n\n\n<li>I rummet finns en b\u00e4ddsoffa f\u00f6r tv\u00e5 personer och tv\u00e5 hopf\u00e4llbara enkels\u00e4ngar&nbsp;<\/li>\n\n\n\n<li>Det kostar 300:-\/natt att hyra rummet, oavsett antalet g\u00e4ster&nbsp;<\/li>\n<\/ul>\n\n\n\n<p>Ni ansvarar sj\u00e4lva f\u00f6r st\u00e4dningen. T\u00e4nk p\u00e5 att l\u00e4mna \u00f6vernattningsrummet s\u00e5som du sj\u00e4lv vill finna det!<\/p>\n\n\n\n<h2 class=\"wp-block-heading\">Bokning och avbokning<\/h2>\n\n\n\n<p>Bokning och avbokning av \u00f6vernattningsrummet sker i Nabo.<\/p>\n\n\n\n<p>Logga in i Nabo och g\u00e5 till Bokningar. V\u00e4lj \u00d6vernattningsrum s\u00e5 kan du dels se om rummet \u00e4r bokat, dels boka, dels ta bort bokning du tidigare gjort.<\/p>\n\n\n\n<p>F\u00f6r att boka, tryck p\u00e5 + och ange datum f\u00f6r din bokning. Vid tidpunkt anger du 13:00 f\u00f6r b\u00e5de tilltr\u00e4desdag och fr\u00e5ntr\u00e4desdag.<\/p>\n\n\n\n<p>Avbokning ska ske <strong>senast sju dagar innan bokat datum<\/strong>.<\/p>\n\n\n\n<h2 class=\"wp-block-heading\">Debitering och tilltr\u00e4de<\/h2>\n\n\n\n<p>Koden till \u00f6vernattningsrummet skickas till dig vid bokningstillf\u00e4llet. Om du inte f\u00e5tt koden var god maila\u00a0<a href=\"mailto:henricn@hotmail.com\" target=\"_blank\" rel=\"noreferrer noopener\">henricn@hotmail.com<\/a>\u00a0dagen f\u00f6re incheckningen.<\/p>\n\n\n\n<p>Debitering av hyran sker p\u00e5 din ordinarie m\u00e5nadsavi fr\u00e5n Nabo. Kostnaden \u00e4r som tidigare 300:-\/dygn.<\/p>\n\n\n\n<h2 class=\"wp-block-heading\">Regler<\/h2>\n\n\n\n<p>\u00d6vernattningsrummet \u00e4r en f\u00f6rm\u00e5n f\u00f6r f\u00f6reningens medlemmar som vi tillsammans m\u00e5ste v\u00e5rda. Varje medlem ansvarar f\u00f6r sina g\u00e4ster och skicket \u00f6vernattningsrummet l\u00e4mnas i. Uppst\u00e5r synpunkter kring tidigare st\u00e4dning f\u00e5r ni kontakta den person som hyrde l\u00e4genheten senast och framf\u00f6ra detta.<\/p>\n\n\n\n<p>F\u00f6ljande regler g\u00e4ller f\u00f6r \u00f6vernattningsrummet:<\/p>\n\n\n\n<ul class=\"wp-block-list\">\n<li>Det \u00e4r absolut r\u00f6kf\u00f6rbud i \u00f6vernattningsrummet, p\u00e5 samma s\u00e4tt som r\u00e5der i trapphus etc.<\/li>\n\n\n\n<li>Det \u00e4r inte till\u00e5tet med djur i \u00f6vernattningsrummet.<\/li>\n\n\n\n<li>N\u00e4r rummet l\u00e4mnas ska rummet vara st\u00e4dat och klart f\u00f6r n\u00e4sta g\u00e4st.&nbsp;<\/li>\n\n\n\n<li>Som g\u00e4st har du tillg\u00e5ng till rummet fr\u00e5n kl. 13.00 p\u00e5 ankomstdagen och m\u00e5ste p\u00e5 avresedagen l\u00e4mna rummet senast kl. 12.00.<\/li>\n\n\n\n<li>Max fyra personer f\u00e5r \u00f6vernatta<\/li>\n<\/ul>\n\n\n\n<p><strong>Regel\u00f6vertr\u00e4delse<\/strong><\/p>\n\n\n\n<p>Om ovan regler inte f\u00f6ljs tilldelas du som \u00e4r ansvarig (dvs. medlem i f\u00f6reningen) en varning.<br>Tv\u00e5 varningar inneb\u00e4r att du ej till\u00e5ts hyra \u00f6vernattningsrummet under 12 m\u00e5naders tid.<\/p>\n\n\n\n<hr class=\"wp-block-separator has-alpha-channel-opacity\"\/>\n\n\n\n<p>Fr\u00e5gor? Har n\u00e5got g\u00e5tt s\u00f6nder? Maila info@skontorpshojden.se <\/p>\n","protected":false},"excerpt":{"rendered":"<p>F\u00f6reningen har ett bokningsbart \u00f6vernattningsrum som medlemmarna I f\u00f6reningen kan hyra f\u00f6r g\u00e4ster p\u00e5 bes\u00f6k. \u00d6vernattningsrummet finns i 7:an p\u00e5 plan -1. Rummet har plats f\u00f6r max fyra personer och har egen toalett, dusch och ett enkelt pentry. F\u00f6ljande g\u00e4ller f\u00f6r uthyrning: Ni ansvarar sj\u00e4lva f\u00f6r st\u00e4dningen. T\u00e4nk p\u00e5 att l\u00e4mna \u00f6vernattningsrummet s\u00e5som du sj\u00e4lv&#8230;<\/p>\n","protected":false},"author":104,"featured_media":0,"parent":10,"menu_order":1,"comment_status":"closed","ping_status":"closed","template":"","meta":{"jetpack_post_was_ever_published":true,"footnotes":""},"class_list":["post-380","page","type-page","status-publish","hentry"],"jetpack_sharing_enabled":true,"_links":{"self":[{"href":"https:\/\/skontorpshojden.se\/index.php?rest_route=\/wp\/v2\/pages\/380","targetHints":{"allow":["GET"]}}],"collection":[{"href":"https:\/\/skontorpshojden.se\/index.php?rest_route=\/wp\/v2\/pages"}],"about":[{"href":"https:\/\/skontorpshojden.se\/index.php?rest_route=\/wp\/v2\/types\/page"}],"author":[{"embeddable":true,"href":"https:\/\/skontorpshojden.se\/index.php?rest_route=\/wp\/v2\/users\/104"}],"replies":[{"embeddable":true,"href":"https:\/\/skontorpshojden.se\/index.php?rest_route=%2Fwp%2Fv2%2Fcomments&post=380"}],"version-history":[{"count":26,"href":"https:\/\/skontorpshojden.se\/index.php?rest_route=\/wp\/v2\/pages\/380\/revisions"}],"predecessor-version":[{"id":3947,"href":"https:\/\/skontorpshojden.se\/index.php?rest_route=\/wp\/v2\/pages\/380\/revisions\/3947"}],"up":[{"embeddable":true,"href":"https:\/\/skontorpshojden.se\/index.php?rest_route=\/wp\/v2\/pages\/10"}],"wp:attachment":[{"href":"https:\/\/skontorpshojden.se\/index.php?rest_route=%2Fwp%2Fv2%2Fmedia&parent=380"}],"curies":[{"name":"wp","href":"https:\/\/api.w.org\/{rel}","templated":true}]}}