{"id":3811,"date":"2025-08-28T19:20:44","date_gmt":"2025-08-28T17:20:44","guid":{"rendered":"https:\/\/skontorpshojden.se\/?page_id=3811"},"modified":"2025-08-28T19:20:44","modified_gmt":"2025-08-28T17:20:44","slug":"korttidsuthyrning","status":"publish","type":"page","link":"https:\/\/skontorpshojden.se\/?page_id=3811","title":{"rendered":"Korttidsuthyrning"},"content":{"rendered":"\n<p><br>Styrelsen har genom beslut fattat 2025-08-20 att inte till\u00e5ta korttidsuthyrning av l\u00e4genheter via tj\u00e4nster s\u00e5som AirBnb eller liknande plattformar.<br><br>Bakgrunden till beslutet \u00e4r att vi som bostadsr\u00e4ttsf\u00f6rening v\u00e4rnar om trygghet, trivsel och l\u00e5ngsiktig f\u00f6rvaltning av v\u00e5ra fastigheter. Korttidsuthyrningar inneb\u00e4r att nya och f\u00f6r f\u00f6reningen ok\u00e4nda personer regelbundet vistas i fastigheten, vilket kan skapa en otrygg milj\u00f6 f\u00f6r medlemmarna. Dessutom finns en \u00f6kad risk f\u00f6r st\u00f6rningar och missk\u00f6tsel som kan drabba b\u00e5de boendemilj\u00f6n och fastighetens skick.<br><br>Vi vill p\u00e5minna om att andrahandsuthyrning fortfarande \u00e4r m\u00f6jlig, men att detta alltid kr\u00e4ver styrelsens godk\u00e4nnande enligt f\u00f6reningens stadgar. Ans\u00f6kan ska g\u00f6ras skriftligen och pr\u00f6vas individuellt.<\/p>\n","protected":false},"excerpt":{"rendered":"<p>Styrelsen har genom beslut fattat 2025-08-20 att inte till\u00e5ta korttidsuthyrning av l\u00e4genheter via tj\u00e4nster s\u00e5som AirBnb eller liknande plattformar. Bakgrunden till beslutet \u00e4r att vi som bostadsr\u00e4ttsf\u00f6rening v\u00e4rnar om trygghet, trivsel och l\u00e5ngsiktig f\u00f6rvaltning av v\u00e5ra fastigheter. Korttidsuthyrningar inneb\u00e4r att nya och f\u00f6r f\u00f6reningen ok\u00e4nda personer regelbundet vistas i fastigheten, vilket kan skapa en otrygg&#8230;<\/p>\n","protected":false},"author":104,"featured_media":0,"parent":10,"menu_order":0,"comment_status":"closed","ping_status":"closed","template":"","meta":{"jetpack_post_was_ever_published":false,"footnotes":""},"class_list":["post-3811","page","type-page","status-publish","hentry"],"jetpack_sharing_enabled":true,"_links":{"self":[{"href":"https:\/\/skontorpshojden.se\/index.php?rest_route=\/wp\/v2\/pages\/3811","targetHints":{"allow":["GET"]}}],"collection":[{"href":"https:\/\/skontorpshojden.se\/index.php?rest_route=\/wp\/v2\/pages"}],"about":[{"href":"https:\/\/skontorpshojden.se\/index.php?rest_route=\/wp\/v2\/types\/page"}],"author":[{"embeddable":true,"href":"https:\/\/skontorpshojden.se\/index.php?rest_route=\/wp\/v2\/users\/104"}],"replies":[{"embeddable":true,"href":"https:\/\/skontorpshojden.se\/index.php?rest_route=%2Fwp%2Fv2%2Fcomments&post=3811"}],"version-history":[{"count":0,"href":"https:\/\/skontorpshojden.se\/index.php?rest_route=\/wp\/v2\/pages\/3811\/revisions"}],"up":[{"embeddable":true,"href":"https:\/\/skontorpshojden.se\/index.php?rest_route=\/wp\/v2\/pages\/10"}],"wp:attachment":[{"href":"https:\/\/skontorpshojden.se\/index.php?rest_route=%2Fwp%2Fv2%2Fmedia&parent=3811"}],"curies":[{"name":"wp","href":"https:\/\/api.w.org\/{rel}","templated":true}]}}