{"id":39,"date":"2012-02-11T19:44:33","date_gmt":"2012-02-11T18:44:33","guid":{"rendered":"http:\/\/skontorpshojden.se\/?page_id=39"},"modified":"2025-02-10T22:34:13","modified_gmt":"2025-02-10T21:34:13","slug":"bredband-tv-telefoni","status":"publish","type":"page","link":"https:\/\/skontorpshojden.se\/?page_id=39","title":{"rendered":"Bredband, TV &#038; Telefoni"},"content":{"rendered":"<p>F\u00f6reningen har ett avtal med Telia om leverans av s\u00e5 kallad Triple play (Bredband, digital TV och telefoni). Bredband\/Internet (300 Mbit\/s) och TV (Tv &amp; Streaming Lagom) ing\u00e5r i m\u00e5nadsavgiften medan telefoni tecknas med Telia direkt.<\/p>\n<p>Vill du ha snabbare bredband\/internet eller fler kanaler s\u00e5 kontaktar du Telia. Det \u00e4r i dagsl\u00e4get inte m\u00f6jligt att byta till n\u00e5gon annan leverant\u00f6r.<\/p>\n<p>Till varje l\u00e4genhet h\u00f6r en digitalbox samt utrustning f\u00f6r bredband\/internet (utrustningen i IT-sk\u00e5pet). Observera att dessa \u00e4r kopplade till f\u00f6reningens avtal med Telia, du f\u00e5r allts\u00e5 inte lov att ta med dem n\u00e4r du flyttar eller sl\u00e4nga dem.<\/p>\n<p><strong>IT-sk\u00e5pet<\/strong><\/p>\n<p>I IT-sk\u00e5pet hittar du den router som ger dig tillg\u00e5ng till internet. P\u00e5 insidan av sk\u00e5pet finns information om det tr\u00e5dl\u00f6sa n\u00e4tverket. D\u00e4r finns ocks\u00e5 flera numrerade uttag d\u00e4r du sj\u00e4lv kan \u00e4ndra till vilka uttag du vill ha TV och bredband. F\u00f6r mer information om IT-sk\u00e5pet, se Sk\u00f6tselp\u00e4rmen som tillh\u00f6r l\u00e4genheten.<\/p>\n<p>Vid problem med digitalboxar, router eller telefoni, kontakta <a title=\"Telia\" href=\"http:\/\/www.telia.se\" target=\"_blank\" rel=\"noopener\">Telia<\/a> \u00c4r det fel p\u00e5 din digitalbox f\u00e5r du en ny direkt av dem.<\/p>\n<p>Det \u00e4r i vissa fall m\u00f6jligt att f\u00e5 en ny router som ers\u00e4ttning f\u00f6r den router som fanns i l\u00e4genheterna fr\u00e5n b\u00f6rjan. Det kan ge en b\u00e4ttre anslutning om man upplever problem med sin anslutning. Kontakta alltid Telia vid problem med anslutningen.<\/p>\n<p>I vissa fall kan d\u00f6rrarna till IT-sk\u00e5pet p\u00e5verka det tr\u00e5dl\u00f6sa n\u00e4tverket. Man kan d\u00e5 prova att \u00f6ppna eller ta bort d\u00f6rren. Man kan ocks\u00e5 placera routern n\u00e5gon annanstans i l\u00e4genheten f\u00f6r b\u00e4ttre mottagning.<\/p>\n<div id=\"autocurrencytooltip\" style=\"visibility:hidden;\"><\/div>\n","protected":false},"excerpt":{"rendered":"<p>F\u00f6reningen har ett avtal med Telia om leverans av s\u00e5 kallad Triple play (Bredband, digital TV och telefoni). Bredband\/Internet (300 Mbit\/s) och TV (Tv &amp; Streaming Lagom) ing\u00e5r i m\u00e5nadsavgiften medan telefoni tecknas med Telia direkt. Vill du ha snabbare bredband\/internet eller fler kanaler s\u00e5 kontaktar du Telia. Det \u00e4r i dagsl\u00e4get inte m\u00f6jligt att&#8230;<\/p>\n","protected":false},"author":0,"featured_media":0,"parent":10,"menu_order":0,"comment_status":"closed","ping_status":"closed","template":"","meta":{"jetpack_post_was_ever_published":false,"footnotes":""},"class_list":["post-39","page","type-page","status-publish","hentry"],"jetpack_sharing_enabled":true,"_links":{"self":[{"href":"https:\/\/skontorpshojden.se\/index.php?rest_route=\/wp\/v2\/pages\/39","targetHints":{"allow":["GET"]}}],"collection":[{"href":"https:\/\/skontorpshojden.se\/index.php?rest_route=\/wp\/v2\/pages"}],"about":[{"href":"https:\/\/skontorpshojden.se\/index.php?rest_route=\/wp\/v2\/types\/page"}],"replies":[{"embeddable":true,"href":"https:\/\/skontorpshojden.se\/index.php?rest_route=%2Fwp%2Fv2%2Fcomments&post=39"}],"version-history":[{"count":7,"href":"https:\/\/skontorpshojden.se\/index.php?rest_route=\/wp\/v2\/pages\/39\/revisions"}],"predecessor-version":[{"id":3617,"href":"https:\/\/skontorpshojden.se\/index.php?rest_route=\/wp\/v2\/pages\/39\/revisions\/3617"}],"up":[{"embeddable":true,"href":"https:\/\/skontorpshojden.se\/index.php?rest_route=\/wp\/v2\/pages\/10"}],"wp:attachment":[{"href":"https:\/\/skontorpshojden.se\/index.php?rest_route=%2Fwp%2Fv2%2Fmedia&parent=39"}],"curies":[{"name":"wp","href":"https:\/\/api.w.org\/{rel}","templated":true}]}}