{"id":6,"date":"2012-02-11T01:59:53","date_gmt":"2012-02-11T00:59:53","guid":{"rendered":"http:\/\/skontorpshojden.se\/?page_id=6"},"modified":"2025-10-29T18:09:25","modified_gmt":"2025-10-29T17:09:25","slug":"felanmalan","status":"publish","type":"page","link":"https:\/\/skontorpshojden.se\/?page_id=6","title":{"rendered":"Felanm\u00e4lan"},"content":{"rendered":"<h2>F\u00f6r fel p\u00e5 fastigheten<\/h2>\n<p>Kontakta Micke p\u00e5 <u>mikael@skontorpshojden.se<\/u> som bed\u00f6mer felet. Micke anm\u00e4ler i s\u00e5dant fall vidare till ADB Fastighetsservice.<\/p>\n<p>Vid akuta jourfall kontakta larmcentral 08 &#8211; 664 63 00. <span style=\"text-decoration:underline;\">Detta b\u00f6r undvikas<\/span> och ska endast ske n\u00e4r:<\/p>\n<ul>\n<li>Ett fel eller haveri skett d\u00e4r det finns risk f\u00f6r f\u00f6ljdskador, t.ex. vattenl\u00e4ckage.<\/li>\n<li>Om felet \u00e4r br\u00e5dskande, ex om v\u00e4rmeanl\u00e4ggningen slutar fungera.<\/li>\n<\/ul>\n<p><strong>OBS!<\/strong> <span style=\"text-decoration:underline;\">En jourutryckning f\u00f6r icke akuta fel kommer att debiteras den som anm\u00e4lt felet. Om du sj\u00e4lv orsakat felet, t.ex. p\u00e5 grund av stopp i avloppet, s\u00e5 blir du sj\u00e4lv betalningsskyldig.<\/span><\/p>\n<p>Vill du anv\u00e4nda ADB f\u00f6r egna behov i l\u00e4genheten kan du best\u00e4lla service via <a href=\"https:\/\/www.ponduspro.se\/ADB\/internportal\/\">ADBs privatbest\u00e4llning<\/a>.<\/p>\n<hr>\n<h2>TV, telefoni, internet<\/h2>\n<p>Vid fel p\u00e5 TV, telefoni och\/eller internet, kontakta Telias kundservice p\u00e5 telefon 020 &#8211; 755 766. Det g\u00e5r \u00e4ven att fels\u00f6ka och <a href=\"https:\/\/www.telia.se\/kontakt\">f\u00e5 hj\u00e4lp digitalt via denna sida.<\/a><\/p>\n<p>Om din tv-box \u00e4r s\u00f6nder eller p\u00e5 annat s\u00e4tt felaktig f\u00e5r du en ny genom att kontakta Telia direkt.<\/p>\n<hr>\n<h2>Hiss<\/h2>\n<p>Kontakta Micke p\u00e5 <u>mikael@skontorpshojden.se<\/u> eller annan styrelsemedlem som bed\u00f6mer felet. Styrelsen anm\u00e4ler i s\u00e5dant fall vidare till Kone p\u00e5 telefon 0771-50 00 00.<\/p>\n<p>Det g\u00e5r \u00e4ven att chatta med <a href=\"https:\/\/www.kone.se\/om-oss\/kontakta-oss\/\">Kones kundservice under kontorstid<\/a>.<\/p>\n<hr>\n<h2>Porttelefon\/skalskydd<\/h2>\n<p>Om det inte g\u00e5r att ringa eller anv\u00e4nda porttelefon eller taggarna f\u00f6r inpassering, kontakta Manison Securitys Contact center. \u00d6ppet dygnet runt. Telefon: 0200-89 22 00<br \/>\nE-post: support@manisonsecurity.se<\/p>\n<p>Beh\u00f6ver du taggar eller vill uppdatera namn\/telefonnummer i porttelefonen kontakta styrelsen p\u00e5 info@skontorpshojden.se<\/p>\n<hr>\n<h2>Fel p\u00e5 egen ytterd\u00f6rr\/l\u00e5s<br \/>\n<\/h2>\n<p>Ytterd\u00f6rren \u00e4r medlemmens eget ansvar. Kontakta l\u00e5ssmed.<\/p>\n<hr>\n<h2>Laddning elbil<\/h2>\n<p>Vid fel p\u00e5 laddstation, kontakta <a href=\"https:\/\/www.eways.se\/support\/\" target=\"_blank\" rel=\"noopener\">Eways kundservice<\/a>.<br \/>\nKundservice \u00e4r \u00f6<span style=\"color:#333333;\">ppet dygnet runt. \u00c4r ditt \u00e4rende br\u00e5dskande kan du ringa dem p\u00e5 telefon 010-121 94 00<\/span>.<\/p>\n<hr>\n<h2>Problem m garage eller garageplats<\/h2>\n<p>Kontakta garagets f\u00f6rvaltare Parkit.<\/p>\n<hr>\n<h2>Vitvaror<\/h2>\n<p>F\u00f6r service av orginalvitvaror i l\u00e4genheten, r\u00e5dfr\u00e5ga leverant\u00f6ren BSH Hush\u00e5llsapparater, telefon 08-734 1310.<\/p>\n<hr>\n<p>Vill du komma i kontakt med styrelsen g\u00e5r det bra att anv\u00e4nda <a href=\"http:\/\/skontorpshojden.se\/?page_id=8\">kontaktformul\u00e4ret<\/a><\/p>\n<p>Du n\u00e5r alltid styrelsen direkt p\u00e5 mail info@skontorpshojden.se, d\u00e4r svarar vi s\u00e5 snart vi har m\u00f6jlighet (vilket oftast \u00e4r snabbt).<\/p>\n<div id=\"autocurrencytooltip\" style=\"visibility:hidden;\">\n<\/div>\n<div id=\"autocurrencytooltip\" style=\"visibility:hidden;\"><\/div>\n","protected":false},"excerpt":{"rendered":"<p>F\u00f6r fel p\u00e5 fastigheten Kontakta Micke p\u00e5 mikael@skontorpshojden.se som bed\u00f6mer felet. Micke anm\u00e4ler i s\u00e5dant fall vidare till ADB Fastighetsservice. Vid akuta jourfall kontakta larmcentral 08 &#8211; 664 63 00. Detta b\u00f6r undvikas och ska endast ske n\u00e4r: Ett fel eller haveri skett d\u00e4r det finns risk f\u00f6r f\u00f6ljdskador, t.ex. vattenl\u00e4ckage. Om felet \u00e4r br\u00e5dskande,&#8230;<\/p>\n","protected":false},"author":59,"featured_media":0,"parent":0,"menu_order":3,"comment_status":"closed","ping_status":"closed","template":"","meta":{"jetpack_post_was_ever_published":false,"footnotes":""},"class_list":["post-6","page","type-page","status-publish","hentry"],"jetpack_sharing_enabled":true,"_links":{"self":[{"href":"https:\/\/skontorpshojden.se\/index.php?rest_route=\/wp\/v2\/pages\/6","targetHints":{"allow":["GET"]}}],"collection":[{"href":"https:\/\/skontorpshojden.se\/index.php?rest_route=\/wp\/v2\/pages"}],"about":[{"href":"https:\/\/skontorpshojden.se\/index.php?rest_route=\/wp\/v2\/types\/page"}],"author":[{"embeddable":true,"href":"https:\/\/skontorpshojden.se\/index.php?rest_route=\/wp\/v2\/users\/59"}],"replies":[{"embeddable":true,"href":"https:\/\/skontorpshojden.se\/index.php?rest_route=%2Fwp%2Fv2%2Fcomments&post=6"}],"version-history":[{"count":21,"href":"https:\/\/skontorpshojden.se\/index.php?rest_route=\/wp\/v2\/pages\/6\/revisions"}],"predecessor-version":[{"id":3835,"href":"https:\/\/skontorpshojden.se\/index.php?rest_route=\/wp\/v2\/pages\/6\/revisions\/3835"}],"wp:attachment":[{"href":"https:\/\/skontorpshojden.se\/index.php?rest_route=%2Fwp%2Fv2%2Fmedia&parent=6"}],"curies":[{"name":"wp","href":"https:\/\/api.w.org\/{rel}","templated":true}]}}