{"id":651,"date":"2013-11-28T22:34:52","date_gmt":"2013-11-28T21:34:52","guid":{"rendered":"http:\/\/skontorpshojden.se\/?page_id=651"},"modified":"2025-01-16T19:36:12","modified_gmt":"2025-01-16T18:36:12","slug":"forsakring","status":"publish","type":"page","link":"https:\/\/skontorpshojden.se\/?page_id=651","title":{"rendered":"F\u00f6rs\u00e4kring f\u00f6r f\u00f6reningen och medlemmar"},"content":{"rendered":"<p>F\u00f6reningen \u00e4r f\u00f6rs\u00e4krad via <a href=\"https:\/\/www.bostadsratterna.se\/medlemskap-formaner\/medlemsrabatter\/bostadsratternas-fastighetsforsakring\">Bostadsr\u00e4tterna<\/a> hos <a href=\"https:\/\/www.folksam.se\/\">Folksam<\/a>, f\u00f6rs\u00e4kringsnummer 51-9787.<\/p>\n<p>I f\u00f6rs\u00e4kringen ing\u00e5r en kollektiv bostadsr\u00e4ttsf\u00f6rs\u00e4kring med en sj\u00e4lvrisk om 2000:- (3000:- vid vattenskador). <a href=\"https:\/\/www.soderbergpartners.se\/globalassets\/sv\/dokument\/gruppsidor\/bostadsratterna\/gemensamt-bostadsrattstillagg-2024.pdf\">Villkoren f\u00f6r bostadsr\u00e4ttstill\u00e4gget kan du l\u00e4sa h\u00e4r<\/a>. Bostadsr\u00e4ttstill\u00e4gget inneb\u00e4r att du som medlem sannolikt inte beh\u00f6ver bostadsr\u00e4ttstill\u00e4gg till din hemf\u00f6rs\u00e4kring. Men, det \u00e4r viktigt att du kontrollerar med ditt f\u00f6rs\u00e4kringsbolag s\u00e5 att din hemf\u00f6rs\u00e4kring t\u00e4cker era behov.<\/p>\n<h3>Vid skada<\/h3>\n<p>Kontakta <a href=\"https:\/\/www.folksam.se\/kundservice#humany-folksam-ks-inline=\/\">Folksam p\u00e5 t.ex. via chatt, telefon eller anm\u00e4la din skada direkt p\u00e5 Mina sidor<\/a>. Vid skadeanm\u00e4lan, ange att ni \u00e4r f\u00f6rs\u00e4krad genom Bostadsr\u00e4tternas fastighetsf\u00f6rs\u00e4kring samt uppge Brf Sk\u00f6ntorpsh\u00f6jdens organisationsnummer 769619-3403.<\/p>\n<h3>Vid sanering\/skadedjur<\/h3>\n<p>Vid sanering skadedjur, husbock eller sent uppt\u00e4ckt d\u00f6dsfall. Kontakta Anticimex p\u00e5 telefonnummer 075-245 10 00. F\u00f6r mer information g\u00e5 in p\u00e5 <a href=\"https:\/\/www.anticimex.se\/?gad=1&amp;gclid=CjwKCAjwvdajBhBEEiwAeMh1Uxkvkzcc4aqIVxeKqyFBZcutXoO3UUZkTOXinvZByY9e0rRd7fvm-xoCGD0QAvD_BwE\">deras hemsida<\/a>. Vid skadeanm\u00e4lan uppge fastighetens gatuadress samt fastighetsbeteckning (S\u00e4ven 4).<\/p>\n","protected":false},"excerpt":{"rendered":"<p>F\u00f6reningen \u00e4r f\u00f6rs\u00e4krad via Bostadsr\u00e4tterna hos Folksam, f\u00f6rs\u00e4kringsnummer 51-9787. I f\u00f6rs\u00e4kringen ing\u00e5r en kollektiv bostadsr\u00e4ttsf\u00f6rs\u00e4kring med en sj\u00e4lvrisk om 2000:- (3000:- vid vattenskador). Villkoren f\u00f6r bostadsr\u00e4ttstill\u00e4gget kan du l\u00e4sa h\u00e4r. Bostadsr\u00e4ttstill\u00e4gget inneb\u00e4r att du som medlem sannolikt inte beh\u00f6ver bostadsr\u00e4ttstill\u00e4gg till din hemf\u00f6rs\u00e4kring. Men, det \u00e4r viktigt att du kontrollerar med ditt f\u00f6rs\u00e4kringsbolag s\u00e5 att&#8230;<\/p>\n","protected":false},"author":104,"featured_media":0,"parent":10,"menu_order":0,"comment_status":"closed","ping_status":"closed","template":"","meta":{"jetpack_post_was_ever_published":false,"footnotes":""},"class_list":["post-651","page","type-page","status-publish","hentry"],"jetpack_sharing_enabled":true,"_links":{"self":[{"href":"https:\/\/skontorpshojden.se\/index.php?rest_route=\/wp\/v2\/pages\/651","targetHints":{"allow":["GET"]}}],"collection":[{"href":"https:\/\/skontorpshojden.se\/index.php?rest_route=\/wp\/v2\/pages"}],"about":[{"href":"https:\/\/skontorpshojden.se\/index.php?rest_route=\/wp\/v2\/types\/page"}],"author":[{"embeddable":true,"href":"https:\/\/skontorpshojden.se\/index.php?rest_route=\/wp\/v2\/users\/104"}],"replies":[{"embeddable":true,"href":"https:\/\/skontorpshojden.se\/index.php?rest_route=%2Fwp%2Fv2%2Fcomments&post=651"}],"version-history":[{"count":5,"href":"https:\/\/skontorpshojden.se\/index.php?rest_route=\/wp\/v2\/pages\/651\/revisions"}],"predecessor-version":[{"id":3592,"href":"https:\/\/skontorpshojden.se\/index.php?rest_route=\/wp\/v2\/pages\/651\/revisions\/3592"}],"up":[{"embeddable":true,"href":"https:\/\/skontorpshojden.se\/index.php?rest_route=\/wp\/v2\/pages\/10"}],"wp:attachment":[{"href":"https:\/\/skontorpshojden.se\/index.php?rest_route=%2Fwp%2Fv2%2Fmedia&parent=651"}],"curies":[{"name":"wp","href":"https:\/\/api.w.org\/{rel}","templated":true}]}}