{"id":656,"date":"2013-11-28T22:44:21","date_gmt":"2013-11-28T21:44:21","guid":{"rendered":"http:\/\/skontorpshojden.se\/?page_id=656"},"modified":"2024-01-15T20:06:33","modified_gmt":"2024-01-15T19:06:33","slug":"skadedjur-och-ohyra","status":"publish","type":"page","link":"https:\/\/skontorpshojden.se\/?page_id=656","title":{"rendered":"Skadedjur och ohyra"},"content":{"rendered":"<p>Sanering mot skadedjur och ohyra ing\u00e5r i f\u00f6reningens f\u00f6rs\u00e4kring hos TryggHansa utan n\u00e5gon sj\u00e4lvrisk.<\/p>\n<p><a href=\"http:\/\/skontorpshojden.se\/wp-content\/uploads\/2013\/11\/Checklista-resa.pdf\">Ta g\u00e4rna en titt p\u00e5 denna lista n\u00e4r ni ska ut och resa<\/a><\/p>\n<p>Vid behov av sanering, kontakta If Skadef\u00f6rs\u00e4kring eller saneringsf\u00f6retaget Nomor direkt (kontaktuppgift nedan). Uppge f\u00f6reningens namn, f\u00f6rs\u00e4kringsbolag If och f\u00f6rs\u00e4kringsnummer 268265 vid behov.<\/p>\n<p><strong>Nomor AB<\/strong><br \/>\nTel: 0771 &#8211; 122 300<br \/>\n<a href=\"http:\/\/www.nomor.se\/\">http:\/\/www.nomor.se\/ <\/a><\/p>\n<p>Informera g\u00e4rna \u00e4ven styrelsen efter du gjort en anm\u00e4lan till Nomor<\/p>\n<p>Mer info om olika skadedjur och olika tips finns p\u00e5 <a href=\"http:\/\/www.nomor.se\/bibliotek\">http:\/\/www.nomor.se\/bibliotek<\/a><\/p>\n","protected":false},"excerpt":{"rendered":"<p>Sanering mot skadedjur och ohyra ing\u00e5r i f\u00f6reningens f\u00f6rs\u00e4kring hos TryggHansa utan n\u00e5gon sj\u00e4lvrisk. Ta g\u00e4rna en titt p\u00e5 denna lista n\u00e4r ni ska ut och resa Vid behov av sanering, kontakta If Skadef\u00f6rs\u00e4kring eller saneringsf\u00f6retaget Nomor direkt (kontaktuppgift nedan). Uppge f\u00f6reningens namn, f\u00f6rs\u00e4kringsbolag If och f\u00f6rs\u00e4kringsnummer 268265 vid behov. Nomor AB Tel: 0771 &#8211;&#8230;<\/p>\n","protected":false},"author":0,"featured_media":0,"parent":10,"menu_order":0,"comment_status":"closed","ping_status":"closed","template":"","meta":{"jetpack_post_was_ever_published":false,"footnotes":""},"class_list":["post-656","page","type-page","status-publish","hentry"],"jetpack_sharing_enabled":true,"_links":{"self":[{"href":"https:\/\/skontorpshojden.se\/index.php?rest_route=\/wp\/v2\/pages\/656","targetHints":{"allow":["GET"]}}],"collection":[{"href":"https:\/\/skontorpshojden.se\/index.php?rest_route=\/wp\/v2\/pages"}],"about":[{"href":"https:\/\/skontorpshojden.se\/index.php?rest_route=\/wp\/v2\/types\/page"}],"replies":[{"embeddable":true,"href":"https:\/\/skontorpshojden.se\/index.php?rest_route=%2Fwp%2Fv2%2Fcomments&post=656"}],"version-history":[{"count":2,"href":"https:\/\/skontorpshojden.se\/index.php?rest_route=\/wp\/v2\/pages\/656\/revisions"}],"predecessor-version":[{"id":2962,"href":"https:\/\/skontorpshojden.se\/index.php?rest_route=\/wp\/v2\/pages\/656\/revisions\/2962"}],"up":[{"embeddable":true,"href":"https:\/\/skontorpshojden.se\/index.php?rest_route=\/wp\/v2\/pages\/10"}],"wp:attachment":[{"href":"https:\/\/skontorpshojden.se\/index.php?rest_route=%2Fwp%2Fv2%2Fmedia&parent=656"}],"curies":[{"name":"wp","href":"https:\/\/api.w.org\/{rel}","templated":true}]}}