{"id":8,"date":"2012-02-11T02:00:35","date_gmt":"2012-02-11T01:00:35","guid":{"rendered":"http:\/\/skontorpshojden.se\/?page_id=8"},"modified":"2024-01-11T19:02:56","modified_gmt":"2024-01-11T18:02:56","slug":"kontakt","status":"publish","type":"page","link":"https:\/\/skontorpshojden.se\/?page_id=8","title":{"rendered":"Kontakt"},"content":{"rendered":"<p>F\u00f6r att kontakta f\u00f6reningen eller styrelsen g\u00e5r det bra att anv\u00e4nda formul\u00e4ret nedan. Det g\u00e5r ocks\u00e5 bra att l\u00e4mna meddelande i f\u00f6reningens brevl\u00e5da p\u00e5 Sk\u00f6ntorpsv\u00e4gen 7.<\/p>\n<p>Om det g\u00e4ller utdrag ur l\u00e4genhetsregistret, fakturering av m\u00e5nadsavgifter eller pants\u00e4ttningsfr\u00e5gor, kontakta Nabo direkt p\u00e5 tel 010-288 00 27 eller via deras kontaktformul\u00e4r p\u00e5 <a href=\"http:\/\/www.nabo.se\/kontakt\">http:\/\/www.nabo.se\/kontakt<\/a>.<\/p>\n<p><strong>Beh\u00f6ver du g\u00f6ra en felanm\u00e4lan? Kontakta ADB fastighetsservice direkt p\u00e5 Tel 08 &#8211; 664 41 00 eller <\/strong><strong><a href=\"mailto:info@adbfastighetsservice.se\">info@adbfastighetsservice.se<\/a><\/strong>.<\/p>\n\n<div class=\"wpcf7 no-js\" id=\"wpcf7-f35-o1\" lang=\"en-US\" dir=\"ltr\" data-wpcf7-id=\"35\">\n<div class=\"screen-reader-response\"><p role=\"status\" aria-live=\"polite\" aria-atomic=\"true\"><\/p> <ul><\/ul><\/div>\n<form action=\"\/index.php?rest_route=%2Fwp%2Fv2%2Fpages%2F8#wpcf7-f35-o1\" method=\"post\" class=\"wpcf7-form init\" aria-label=\"Contact form\" novalidate=\"novalidate\" data-status=\"init\">\n<fieldset class=\"hidden-fields-container\"><input type=\"hidden\" name=\"_wpcf7\" value=\"35\" \/><input type=\"hidden\" name=\"_wpcf7_version\" value=\"6.1.5\" \/><input type=\"hidden\" name=\"_wpcf7_locale\" value=\"en_US\" \/><input type=\"hidden\" name=\"_wpcf7_unit_tag\" value=\"wpcf7-f35-o1\" \/><input type=\"hidden\" name=\"_wpcf7_container_post\" value=\"0\" \/><input type=\"hidden\" name=\"_wpcf7_posted_data_hash\" value=\"\" \/>\n<\/fieldset>\n<p>Ditt namn (*):\n<\/p>\n<p><span class=\"wpcf7-form-control-wrap\" data-name=\"your-name\"><input size=\"40\" maxlength=\"400\" class=\"wpcf7-form-control wpcf7-text wpcf7-validates-as-required\" aria-required=\"true\" aria-invalid=\"false\" value=\"\" type=\"text\" name=\"your-name\" \/><\/span>\n<\/p>\n<p>Din e-post (*):\n<\/p>\n<p><span class=\"wpcf7-form-control-wrap\" data-name=\"your-email\"><input size=\"40\" maxlength=\"400\" class=\"wpcf7-form-control wpcf7-email wpcf7-validates-as-required wpcf7-text wpcf7-validates-as-email\" aria-required=\"true\" aria-invalid=\"false\" value=\"\" type=\"email\" name=\"your-email\" \/><\/span>\n<\/p>\n<p>Ditt telefonnummer (*):\n<\/p>\n<p><span class=\"wpcf7-form-control-wrap\" data-name=\"tel-164\"><input size=\"40\" maxlength=\"400\" class=\"wpcf7-form-control wpcf7-tel wpcf7-validates-as-required wpcf7-text wpcf7-validates-as-tel\" aria-required=\"true\" aria-invalid=\"false\" value=\"\" type=\"tel\" name=\"tel-164\" \/><\/span>\n<\/p>\n<p>L\u00e4genhetsnummer:\n<\/p>\n<p><span class=\"wpcf7-form-control-wrap\" data-name=\"your-id\"><input size=\"40\" maxlength=\"400\" class=\"wpcf7-form-control wpcf7-text\" aria-invalid=\"false\" value=\"\" type=\"text\" name=\"your-id\" \/><\/span>\n<\/p>\n<p>\u00c4mne:\n<\/p>\n<p><span class=\"wpcf7-form-control-wrap\" data-name=\"your-subject\"><input size=\"40\" maxlength=\"400\" class=\"wpcf7-form-control wpcf7-text wpcf7-validates-as-required\" aria-required=\"true\" aria-invalid=\"false\" value=\"\" type=\"text\" name=\"your-subject\" \/><\/span>\n<\/p>\n<p>Ditt meddelande:\n<\/p>\n<p><span class=\"wpcf7-form-control-wrap\" data-name=\"your-message\"><textarea cols=\"40\" rows=\"10\" maxlength=\"2000\" class=\"wpcf7-form-control wpcf7-textarea wpcf7-validates-as-required\" aria-required=\"true\" aria-invalid=\"false\" name=\"your-message\"><\/textarea><\/span>\n<\/p>\n<p>* Obligatorisk information\n<\/p>\n<p><input class=\"wpcf7-form-control wpcf7-submit has-spinner\" type=\"submit\" value=\"Skicka\" \/>\n<\/p><p style=\"display: none !important;\" class=\"akismet-fields-container\" data-prefix=\"_wpcf7_ak_\"><label>&#916;<textarea name=\"_wpcf7_ak_hp_textarea\" cols=\"45\" rows=\"8\" maxlength=\"100\"><\/textarea><\/label><input type=\"hidden\" id=\"ak_js_1\" name=\"_wpcf7_ak_js\" value=\"109\"\/><script>document.getElementById( \"ak_js_1\" ).setAttribute( \"value\", ( new Date() ).getTime() );<\/script><\/p><div class=\"wpcf7-response-output\" aria-hidden=\"true\"><\/div>\n<\/form>\n<\/div>\n\n<div id=\"autocurrencytooltip\" style=\"visibility:hidden;\"><\/div>\n","protected":false},"excerpt":{"rendered":"<p>F\u00f6r att kontakta f\u00f6reningen eller styrelsen g\u00e5r det bra att anv\u00e4nda formul\u00e4ret nedan. Det g\u00e5r ocks\u00e5 bra att l\u00e4mna meddelande i f\u00f6reningens brevl\u00e5da p\u00e5 Sk\u00f6ntorpsv\u00e4gen 7. Om det g\u00e4ller utdrag ur l\u00e4genhetsregistret, fakturering av m\u00e5nadsavgifter eller pants\u00e4ttningsfr\u00e5gor, kontakta Nabo direkt p\u00e5 tel 010-288 00 27 eller via deras kontaktformul\u00e4r p\u00e5 http:\/\/www.nabo.se\/kontakt. Beh\u00f6ver du g\u00f6ra en&#8230;<\/p>\n","protected":false},"author":0,"featured_media":0,"parent":0,"menu_order":6,"comment_status":"closed","ping_status":"closed","template":"","meta":{"jetpack_post_was_ever_published":false,"footnotes":""},"class_list":["post-8","page","type-page","status-publish","hentry"],"jetpack_sharing_enabled":true,"_links":{"self":[{"href":"https:\/\/skontorpshojden.se\/index.php?rest_route=\/wp\/v2\/pages\/8","targetHints":{"allow":["GET"]}}],"collection":[{"href":"https:\/\/skontorpshojden.se\/index.php?rest_route=\/wp\/v2\/pages"}],"about":[{"href":"https:\/\/skontorpshojden.se\/index.php?rest_route=\/wp\/v2\/types\/page"}],"replies":[{"embeddable":true,"href":"https:\/\/skontorpshojden.se\/index.php?rest_route=%2Fwp%2Fv2%2Fcomments&post=8"}],"version-history":[{"count":2,"href":"https:\/\/skontorpshojden.se\/index.php?rest_route=\/wp\/v2\/pages\/8\/revisions"}],"predecessor-version":[{"id":2937,"href":"https:\/\/skontorpshojden.se\/index.php?rest_route=\/wp\/v2\/pages\/8\/revisions\/2937"}],"wp:attachment":[{"href":"https:\/\/skontorpshojden.se\/index.php?rest_route=%2Fwp%2Fv2%2Fmedia&parent=8"}],"curies":[{"name":"wp","href":"https:\/\/api.w.org\/{rel}","templated":true}]}}