{"id":825,"date":"2015-01-15T22:40:42","date_gmt":"2015-01-15T21:40:42","guid":{"rendered":"http:\/\/skontorpshojden.se\/?page_id=825"},"modified":"2025-04-02T13:42:33","modified_gmt":"2025-04-02T11:42:33","slug":"foreskrifter-for-garage-och-parkering","status":"publish","type":"page","link":"https:\/\/skontorpshojden.se\/?page_id=825","title":{"rendered":"Garage och parkering"},"content":{"rendered":"\n<p>Under f\u00f6reningens b\u00e5da hus p\u00e5 Sk\u00f6ntorpsv\u00e4gen 5-7 finns ett parkeringshus med parkeringsplats f\u00f6r 100 bilar i tv\u00e5 plan. Av dessa 100 platser \u00e4r 20 platser f\u00f6r elbilsladdning. Det finns ocks\u00e5 ett antal parkeringsplatser f\u00f6r MC\/mopeder. H\u00e4lften av platserna hyrs ut till omgivningen medan den andra h\u00e4lften endast hyrs ut till medlemmar i f\u00f6reningen (det nedersta planet).<\/p>\n\n\n\n<p>Nedfarten till garaget ligger mellan Sk\u00f6ntorpsv\u00e4gen 3 och 5. Garaget n\u00e5s ocks\u00e5 via hiss direkt fr\u00e5n fastigheterna.<\/p>\n\n\n\n<p>P\u00e5 innerg\u00e5rden har f\u00f6reningen tio parkeringsplatser f\u00f6r g\u00e4ster\/bes\u00f6kare. Parkeringsavgiften betalas i via mobilapp. Parkeringarna och garaget bes\u00f6ks regelbundet av parkeringsvakter.<\/p>\n\n\n\n<p><strong><a href=\"https:\/\/parkit.se\/\">Parkit<\/a><\/strong><strong> f\u00f6rvaltar och sk\u00f6ter garage och g\u00e4stparkering<\/strong> p\u00e5 g\u00e5rden. Om du \u00e4r intresserad av att hyra en plats i garaget, kontakta Parkit via uthyrning@parkit.se<\/p>\n\n\n\n<h2 class=\"wp-block-heading\">Elbilsladdning<\/h2>\n\n\n\n<p>F\u00f6r laddning av elbil har f\u00f6reningen tecknat avtal med Eways. F\u00f6r att komma ig\u00e5ng med laddning beh\u00f6ver du best\u00e4lla ett laddningskort. Ange v\u00e5r fastighetsbeteckning S\u00e4ven 4 vid best\u00e4llning. F\u00f6r att best\u00e4lla laddkort, kontakta Eways kundservice.<\/p>\n\n\n\n<hr class=\"wp-block-separator has-alpha-channel-opacity\"\/>\n\n\n\n<h2 class=\"wp-block-heading\">F\u00f6reskrifter f\u00f6r garage och parkering<\/h2>\n\n\n\n<ul class=\"wp-block-list\">\n<li>Hyresg\u00e4sten f\u00e5r inte anv\u00e4nda parkeringsplats f\u00f6r uppst\u00e4llning av mer \u00e4n ett (1) fordon.<\/li>\n\n\n\n<li>Fordonet f\u00e5r endast uppst\u00e4llas inom markerad, numrerad och uthyrd plats.<\/li>\n\n\n\n<li>Service eller reparation av fordonet, liksom biltv\u00e4tt, f\u00e5r inte f\u00f6rekomma p\u00e5 parkeringsplatsen eller inom parkeringsanl\u00e4ggningen\/garaget. Detta g\u00e4ller \u00e4ven g\u00e4stparkeringen.<\/li>\n\n\n\n<li>Vid avflyttning ska hyresg\u00e4sten, om inte annat avtalas, bortf\u00f6ra sin egendom, \u00e5terst\u00e4lla det uppl\u00e5tna objektet i godtagbart skick samt reng\u00f6ra det noggrant.<\/li>\n\n\n\n<li>Befintliga eluttag i garaget f\u00e5r ej anv\u00e4ndas till motorv\u00e4rmare, batteriladdare eller liknande.<\/li>\n\n\n\n<li>R\u00f6kning i garaget \u00e4r absolut f\u00f6rbjudet.<\/li>\n\n\n\n<li>Andrahandsuthyrning av garageplatser \u00e4r ej till\u00e5tet.<\/li>\n\n\n\n<li>Hyresg\u00e4sten f\u00e5r inte f\u00f6rvara annan egendom p\u00e5 platsen.<\/li>\n\n\n\n<li>Hyresg\u00e4st \u00e4r skyldig att snarast rapportera eventuella fel i garaget till parkeringsbolag eller styrelse, detta inkluderar garageportar som inte st\u00e4ngs eller l\u00e5s som inte fungerar.<\/li>\n\n\n\n<li>Det \u00e4r inte till\u00e5tet att \u00e5ka ner i garaget med sl\u00e4pvagn.<\/li>\n\n\n\n<li>Vid st\u00e4ddagar ska hyresg\u00e4ster flytta sina bilar f\u00f6r att g\u00f6ra st\u00e4dningen m\u00f6jlig<\/li>\n<\/ul>\n","protected":false},"excerpt":{"rendered":"<p>Under f\u00f6reningens b\u00e5da hus p\u00e5 Sk\u00f6ntorpsv\u00e4gen 5-7 finns ett parkeringshus med parkeringsplats f\u00f6r 100 bilar i tv\u00e5 plan. Av dessa 100 platser \u00e4r 20 platser f\u00f6r elbilsladdning. Det finns ocks\u00e5 ett antal parkeringsplatser f\u00f6r MC\/mopeder. H\u00e4lften av platserna hyrs ut till omgivningen medan den andra h\u00e4lften endast hyrs ut till medlemmar i f\u00f6reningen (det nedersta&#8230;<\/p>\n","protected":false},"author":59,"featured_media":0,"parent":10,"menu_order":0,"comment_status":"closed","ping_status":"closed","template":"","meta":{"jetpack_post_was_ever_published":false,"footnotes":""},"class_list":["post-825","page","type-page","status-publish","hentry"],"jetpack_sharing_enabled":true,"_links":{"self":[{"href":"https:\/\/skontorpshojden.se\/index.php?rest_route=\/wp\/v2\/pages\/825","targetHints":{"allow":["GET"]}}],"collection":[{"href":"https:\/\/skontorpshojden.se\/index.php?rest_route=\/wp\/v2\/pages"}],"about":[{"href":"https:\/\/skontorpshojden.se\/index.php?rest_route=\/wp\/v2\/types\/page"}],"author":[{"embeddable":true,"href":"https:\/\/skontorpshojden.se\/index.php?rest_route=\/wp\/v2\/users\/59"}],"replies":[{"embeddable":true,"href":"https:\/\/skontorpshojden.se\/index.php?rest_route=%2Fwp%2Fv2%2Fcomments&post=825"}],"version-history":[{"count":15,"href":"https:\/\/skontorpshojden.se\/index.php?rest_route=\/wp\/v2\/pages\/825\/revisions"}],"predecessor-version":[{"id":3694,"href":"https:\/\/skontorpshojden.se\/index.php?rest_route=\/wp\/v2\/pages\/825\/revisions\/3694"}],"up":[{"embeddable":true,"href":"https:\/\/skontorpshojden.se\/index.php?rest_route=\/wp\/v2\/pages\/10"}],"wp:attachment":[{"href":"https:\/\/skontorpshojden.se\/index.php?rest_route=%2Fwp%2Fv2%2Fmedia&parent=825"}],"curies":[{"name":"wp","href":"https:\/\/api.w.org\/{rel}","templated":true}]}}